{"id":2270,"date":"2025-08-30T20:06:28","date_gmt":"2025-08-30T20:06:28","guid":{"rendered":"https:\/\/ramures.co\/produit\/thuja-occidentalis-nigra\/"},"modified":"2025-08-30T20:06:28","modified_gmt":"2025-08-30T20:06:28","slug":"thuja-occidentalis-nigra","status":"publish","type":"product","link":"https:\/\/ramures.co\/en\/produit\/thuja-occidentalis-nigra\/","title":{"rendered":"Thuja occidentalis &#8216;Nigra&#8217;"},"content":{"rendered":"","protected":false},"excerpt":{"rendered":"<p>Black cedar is a popular variety of eastern arborvitae (Thuja occidentalis), valued for its dense, persistent foliage of very dark green, which retains its color well even in winter. It has a narrow, conical form, making it an excellent choice for hedges, privacy screens, or as a standalone specimen in smaller gardens. <\/p>\n<p><strong>Soil type:<\/strong> It prefers well-drained soils that are moist but not waterlogged. It tolerates a wide range of soils, including clay and sandy types, but thrives best in rich soil that is slightly acidic to neutral. <\/p>\n","protected":false},"featured_media":1550,"template":"","meta":{"inline_featured_image":false},"product_brand":[],"product_cat":[140],"product_tag":[],"class_list":{"0":"post-2270","1":"product","2":"type-product","3":"status-publish","4":"has-post-thumbnail","6":"product_cat-cedars","7":"sales-flash-overlay","8":"woocommerce-text-align-center","9":"woocommerce-image-align-center","10":"do-quantity-buttons","12":"first","13":"outofstock","14":"taxable","15":"shipping-taxable","16":"purchasable","17":"product-type-variable"},"yoast_head":"<!-- This site is optimized with the Yoast SEO plugin v27.3 - https:\/\/yoast.com\/product\/yoast-seo-wordpress\/ -->\n<title>Thuja occidentalis &#039;Nigra&#039; - Ramures<\/title>\n<meta name=\"robots\" content=\"index, follow, max-snippet:-1, max-image-preview:large, max-video-preview:-1\" \/>\n<link rel=\"canonical\" href=\"https:\/\/ramures.co\/en\/produit\/thuja-occidentalis-nigra\/\" \/>\n<meta property=\"og:locale\" content=\"en_US\" \/>\n<meta property=\"og:type\" content=\"article\" \/>\n<meta property=\"og:title\" content=\"Thuja occidentalis &#039;Nigra&#039; - Ramures\" \/>\n<meta property=\"og:description\" content=\"Black cedar is a popular variety of eastern arborvitae (Thuja occidentalis), valued for its dense, persistent foliage of very dark green, which retains its color well even in winter. It has a narrow, conical form, making it an excellent choice for hedges, privacy screens, or as a standalone specimen in smaller gardens.  Soil type: It prefers well-drained soils that are moist but not waterlogged. It tolerates a wide range of soils, including clay and sandy types, but thrives best in rich soil that is slightly acidic to neutral.\" \/>\n<meta property=\"og:url\" content=\"https:\/\/ramures.co\/en\/produit\/thuja-occidentalis-nigra\/\" \/>\n<meta property=\"og:site_name\" content=\"Ramures\" \/>\n<meta property=\"og:image\" content=\"https:\/\/ramures.co\/wp-content\/uploads\/2025\/08\/Thuja-occidentalis-Nigra--1024x1024.jpg\" \/>\n\t<meta property=\"og:image:width\" content=\"1024\" \/>\n\t<meta property=\"og:image:height\" content=\"1024\" \/>\n\t<meta property=\"og:image:type\" content=\"image\/jpeg\" \/>\n<meta name=\"twitter:card\" content=\"summary_large_image\" \/>\n<script type=\"application\/ld+json\" class=\"yoast-schema-graph\">{\"@context\":\"https:\\\/\\\/schema.org\",\"@graph\":[{\"@type\":\"WebPage\",\"@id\":\"https:\\\/\\\/ramures.co\\\/en\\\/produit\\\/thuja-occidentalis-nigra\\\/\",\"url\":\"https:\\\/\\\/ramures.co\\\/en\\\/produit\\\/thuja-occidentalis-nigra\\\/\",\"name\":\"Thuja occidentalis 'Nigra' - Ramures\",\"isPartOf\":{\"@id\":\"https:\\\/\\\/ramures.co\\\/#website\"},\"primaryImageOfPage\":{\"@id\":\"https:\\\/\\\/ramures.co\\\/en\\\/produit\\\/thuja-occidentalis-nigra\\\/#primaryimage\"},\"image\":{\"@id\":\"https:\\\/\\\/ramures.co\\\/en\\\/produit\\\/thuja-occidentalis-nigra\\\/#primaryimage\"},\"thumbnailUrl\":\"https:\\\/\\\/ramures.co\\\/wp-content\\\/uploads\\\/2025\\\/08\\\/Thuja-occidentalis-Nigra-.jpg\",\"datePublished\":\"2025-08-30T20:06:28+00:00\",\"breadcrumb\":{\"@id\":\"https:\\\/\\\/ramures.co\\\/en\\\/produit\\\/thuja-occidentalis-nigra\\\/#breadcrumb\"},\"inLanguage\":\"en-US\",\"potentialAction\":[{\"@type\":\"ReadAction\",\"target\":[\"https:\\\/\\\/ramures.co\\\/en\\\/produit\\\/thuja-occidentalis-nigra\\\/\"]}]},{\"@type\":\"ImageObject\",\"inLanguage\":\"en-US\",\"@id\":\"https:\\\/\\\/ramures.co\\\/en\\\/produit\\\/thuja-occidentalis-nigra\\\/#primaryimage\",\"url\":\"https:\\\/\\\/ramures.co\\\/wp-content\\\/uploads\\\/2025\\\/08\\\/Thuja-occidentalis-Nigra-.jpg\",\"contentUrl\":\"https:\\\/\\\/ramures.co\\\/wp-content\\\/uploads\\\/2025\\\/08\\\/Thuja-occidentalis-Nigra-.jpg\",\"width\":2048,\"height\":2048},{\"@type\":\"BreadcrumbList\",\"@id\":\"https:\\\/\\\/ramures.co\\\/en\\\/produit\\\/thuja-occidentalis-nigra\\\/#breadcrumb\",\"itemListElement\":[{\"@type\":\"ListItem\",\"position\":1,\"name\":\"Accueil\",\"item\":\"https:\\\/\\\/ramures.co\\\/en\\\/\"},{\"@type\":\"ListItem\",\"position\":2,\"name\":\"Shop\",\"item\":\"https:\\\/\\\/ramures.co\\\/en\\\/shop\\\/\"},{\"@type\":\"ListItem\",\"position\":3,\"name\":\"Thuja occidentalis &lsquo;Nigra&rsquo;\"}]},{\"@type\":\"WebSite\",\"@id\":\"https:\\\/\\\/ramures.co\\\/#website\",\"url\":\"https:\\\/\\\/ramures.co\\\/\",\"name\":\"Ramures - P\u00e9pini\u00e8re nordique\",\"description\":\"Une p\u00e9pini\u00e8re d&#039;ici aux racines nordiques\",\"publisher\":{\"@id\":\"https:\\\/\\\/ramures.co\\\/#organization\"},\"alternateName\":\"Ramures\",\"potentialAction\":[{\"@type\":\"SearchAction\",\"target\":{\"@type\":\"EntryPoint\",\"urlTemplate\":\"https:\\\/\\\/ramures.co\\\/?s={search_term_string}\"},\"query-input\":{\"@type\":\"PropertyValueSpecification\",\"valueRequired\":true,\"valueName\":\"search_term_string\"}}],\"inLanguage\":\"en-US\"},{\"@type\":\"Organization\",\"@id\":\"https:\\\/\\\/ramures.co\\\/#organization\",\"name\":\"Ramures\",\"url\":\"https:\\\/\\\/ramures.co\\\/\",\"logo\":{\"@type\":\"ImageObject\",\"inLanguage\":\"en-US\",\"@id\":\"https:\\\/\\\/ramures.co\\\/#\\\/schema\\\/logo\\\/image\\\/\",\"url\":\"https:\\\/\\\/ramures.co\\\/wp-content\\\/uploads\\\/2025\\\/04\\\/Logo-Pepiniere-Ramures.co_.svg\",\"contentUrl\":\"https:\\\/\\\/ramures.co\\\/wp-content\\\/uploads\\\/2025\\\/04\\\/Logo-Pepiniere-Ramures.co_.svg\",\"width\":292,\"height\":53,\"caption\":\"Ramures\"},\"image\":{\"@id\":\"https:\\\/\\\/ramures.co\\\/#\\\/schema\\\/logo\\\/image\\\/\"}}]}<\/script>\n<!-- \/ Yoast SEO plugin. -->","yoast_head_json":{"title":"Thuja occidentalis 'Nigra' - Ramures","robots":{"index":"index","follow":"follow","max-snippet":"max-snippet:-1","max-image-preview":"max-image-preview:large","max-video-preview":"max-video-preview:-1"},"canonical":"https:\/\/ramures.co\/en\/produit\/thuja-occidentalis-nigra\/","og_locale":"en_US","og_type":"article","og_title":"Thuja occidentalis 'Nigra' - Ramures","og_description":"Black cedar is a popular variety of eastern arborvitae (Thuja occidentalis), valued for its dense, persistent foliage of very dark green, which retains its color well even in winter. It has a narrow, conical form, making it an excellent choice for hedges, privacy screens, or as a standalone specimen in smaller gardens.  Soil type: It prefers well-drained soils that are moist but not waterlogged. It tolerates a wide range of soils, including clay and sandy types, but thrives best in rich soil that is slightly acidic to neutral.","og_url":"https:\/\/ramures.co\/en\/produit\/thuja-occidentalis-nigra\/","og_site_name":"Ramures","og_image":[{"width":1024,"height":1024,"url":"https:\/\/ramures.co\/wp-content\/uploads\/2025\/08\/Thuja-occidentalis-Nigra--1024x1024.jpg","type":"image\/jpeg"}],"twitter_card":"summary_large_image","schema":{"@context":"https:\/\/schema.org","@graph":[{"@type":"WebPage","@id":"https:\/\/ramures.co\/en\/produit\/thuja-occidentalis-nigra\/","url":"https:\/\/ramures.co\/en\/produit\/thuja-occidentalis-nigra\/","name":"Thuja occidentalis 'Nigra' - Ramures","isPartOf":{"@id":"https:\/\/ramures.co\/#website"},"primaryImageOfPage":{"@id":"https:\/\/ramures.co\/en\/produit\/thuja-occidentalis-nigra\/#primaryimage"},"image":{"@id":"https:\/\/ramures.co\/en\/produit\/thuja-occidentalis-nigra\/#primaryimage"},"thumbnailUrl":"https:\/\/ramures.co\/wp-content\/uploads\/2025\/08\/Thuja-occidentalis-Nigra-.jpg","datePublished":"2025-08-30T20:06:28+00:00","breadcrumb":{"@id":"https:\/\/ramures.co\/en\/produit\/thuja-occidentalis-nigra\/#breadcrumb"},"inLanguage":"en-US","potentialAction":[{"@type":"ReadAction","target":["https:\/\/ramures.co\/en\/produit\/thuja-occidentalis-nigra\/"]}]},{"@type":"ImageObject","inLanguage":"en-US","@id":"https:\/\/ramures.co\/en\/produit\/thuja-occidentalis-nigra\/#primaryimage","url":"https:\/\/ramures.co\/wp-content\/uploads\/2025\/08\/Thuja-occidentalis-Nigra-.jpg","contentUrl":"https:\/\/ramures.co\/wp-content\/uploads\/2025\/08\/Thuja-occidentalis-Nigra-.jpg","width":2048,"height":2048},{"@type":"BreadcrumbList","@id":"https:\/\/ramures.co\/en\/produit\/thuja-occidentalis-nigra\/#breadcrumb","itemListElement":[{"@type":"ListItem","position":1,"name":"Accueil","item":"https:\/\/ramures.co\/en\/"},{"@type":"ListItem","position":2,"name":"Shop","item":"https:\/\/ramures.co\/en\/shop\/"},{"@type":"ListItem","position":3,"name":"Thuja occidentalis &lsquo;Nigra&rsquo;"}]},{"@type":"WebSite","@id":"https:\/\/ramures.co\/#website","url":"https:\/\/ramures.co\/","name":"Ramures - P\u00e9pini\u00e8re nordique","description":"Une p\u00e9pini\u00e8re d&#039;ici aux racines nordiques","publisher":{"@id":"https:\/\/ramures.co\/#organization"},"alternateName":"Ramures","potentialAction":[{"@type":"SearchAction","target":{"@type":"EntryPoint","urlTemplate":"https:\/\/ramures.co\/?s={search_term_string}"},"query-input":{"@type":"PropertyValueSpecification","valueRequired":true,"valueName":"search_term_string"}}],"inLanguage":"en-US"},{"@type":"Organization","@id":"https:\/\/ramures.co\/#organization","name":"Ramures","url":"https:\/\/ramures.co\/","logo":{"@type":"ImageObject","inLanguage":"en-US","@id":"https:\/\/ramures.co\/#\/schema\/logo\/image\/","url":"https:\/\/ramures.co\/wp-content\/uploads\/2025\/04\/Logo-Pepiniere-Ramures.co_.svg","contentUrl":"https:\/\/ramures.co\/wp-content\/uploads\/2025\/04\/Logo-Pepiniere-Ramures.co_.svg","width":292,"height":53,"caption":"Ramures"},"image":{"@id":"https:\/\/ramures.co\/#\/schema\/logo\/image\/"}}]}},"_links":{"self":[{"href":"https:\/\/ramures.co\/en\/wp-json\/wp\/v2\/product\/2270","targetHints":{"allow":["GET"]}}],"collection":[{"href":"https:\/\/ramures.co\/en\/wp-json\/wp\/v2\/product"}],"about":[{"href":"https:\/\/ramures.co\/en\/wp-json\/wp\/v2\/types\/product"}],"wp:featuredmedia":[{"embeddable":true,"href":"https:\/\/ramures.co\/en\/wp-json\/wp\/v2\/media\/1550"}],"wp:attachment":[{"href":"https:\/\/ramures.co\/en\/wp-json\/wp\/v2\/media?parent=2270"}],"wp:term":[{"taxonomy":"product_brand","embeddable":true,"href":"https:\/\/ramures.co\/en\/wp-json\/wp\/v2\/product_brand?post=2270"},{"taxonomy":"product_cat","embeddable":true,"href":"https:\/\/ramures.co\/en\/wp-json\/wp\/v2\/product_cat?post=2270"},{"taxonomy":"product_tag","embeddable":true,"href":"https:\/\/ramures.co\/en\/wp-json\/wp\/v2\/product_tag?post=2270"}],"curies":[{"name":"wp","href":"https:\/\/api.w.org\/{rel}","templated":true}]}}