{"id":2221,"date":"2025-08-30T20:12:09","date_gmt":"2025-08-30T20:12:09","guid":{"rendered":"https:\/\/ramures.co\/produit\/thuya-occidental-brandon\/"},"modified":"2025-08-30T20:12:09","modified_gmt":"2025-08-30T20:12:09","slug":"thuya-occidental-brandon","status":"publish","type":"product","link":"https:\/\/ramures.co\/en\/produit\/thuya-occidental-brandon\/","title":{"rendered":"Thuya occidental &#8216;Brandon&#8217;"},"content":{"rendered":"","protected":false},"excerpt":{"rendered":"<p>Brandon arborvitae (Thuja occidentalis \u2018Brandon\u2019) is a distinctive and elegant conifer, prized for its narrow, dense, columnar to pyramidal form. Its persistent foliage is a bright medium green that holds its color well throughout the year, even in winter. Its branches are dense and extend upward from the ground, forming an attractive vertical column. It is often used as a screen, hedge, or standalone specimen in landscaping due to its compact form and narrow mature width, which makes it ideal for smaller spaces.   <\/p>\n<p><strong>Soil type: <\/strong>\u2018Brandon\u2019 adapts to a wide range of soils but prefers well-drained, fresh to moist soils that are rich in organic matter. It tolerates clay, sandy, and loamy soils, and is also fairly tolerant of calcareous conditions.  <\/p>\n","protected":false},"featured_media":1562,"template":"","meta":{"inline_featured_image":false},"product_brand":[],"product_cat":[140],"product_tag":[],"class_list":{"0":"post-2221","1":"product","2":"type-product","3":"status-publish","4":"has-post-thumbnail","6":"product_cat-cedars","7":"sales-flash-overlay","8":"woocommerce-text-align-center","9":"woocommerce-image-align-center","10":"do-quantity-buttons","12":"first","13":"outofstock","14":"taxable","15":"shipping-taxable","16":"purchasable","17":"product-type-variable"},"yoast_head":"<!-- This site is optimized with the Yoast SEO plugin v27.3 - https:\/\/yoast.com\/product\/yoast-seo-wordpress\/ -->\n<title>Thuya occidental &#039;Brandon&#039; - Ramures<\/title>\n<meta name=\"robots\" content=\"index, follow, max-snippet:-1, max-image-preview:large, max-video-preview:-1\" \/>\n<link rel=\"canonical\" href=\"https:\/\/ramures.co\/en\/produit\/thuya-occidental-brandon\/\" \/>\n<meta property=\"og:locale\" content=\"en_US\" \/>\n<meta property=\"og:type\" content=\"article\" \/>\n<meta property=\"og:title\" content=\"Thuya occidental &#039;Brandon&#039; - Ramures\" \/>\n<meta property=\"og:description\" content=\"Brandon arborvitae (Thuja occidentalis \u2018Brandon\u2019) is a distinctive and elegant conifer, prized for its narrow, dense, columnar to pyramidal form. Its persistent foliage is a bright medium green that holds its color well throughout the year, even in winter. Its branches are dense and extend upward from the ground, forming an attractive vertical column. It is often used as a screen, hedge, or standalone specimen in landscaping due to its compact form and narrow mature width, which makes it ideal for smaller spaces.   Soil type: \u2018Brandon\u2019 adapts to a wide range of soils but prefers well-drained, fresh to moist soils that are rich in organic matter. It tolerates clay, sandy, and loamy soils, and is also fairly tolerant of calcareous conditions.\" \/>\n<meta property=\"og:url\" content=\"https:\/\/ramures.co\/en\/produit\/thuya-occidental-brandon\/\" \/>\n<meta property=\"og:site_name\" content=\"Ramures\" \/>\n<meta property=\"og:image\" content=\"https:\/\/ramures.co\/wp-content\/uploads\/2025\/08\/Thuya-occidental-Brandon-1024x1024.jpg\" \/>\n\t<meta property=\"og:image:width\" content=\"1024\" \/>\n\t<meta property=\"og:image:height\" content=\"1024\" \/>\n\t<meta property=\"og:image:type\" content=\"image\/jpeg\" \/>\n<meta name=\"twitter:card\" content=\"summary_large_image\" \/>\n<script type=\"application\/ld+json\" class=\"yoast-schema-graph\">{\"@context\":\"https:\\\/\\\/schema.org\",\"@graph\":[{\"@type\":\"WebPage\",\"@id\":\"https:\\\/\\\/ramures.co\\\/en\\\/produit\\\/thuya-occidental-brandon\\\/\",\"url\":\"https:\\\/\\\/ramures.co\\\/en\\\/produit\\\/thuya-occidental-brandon\\\/\",\"name\":\"Thuya occidental 'Brandon' - Ramures\",\"isPartOf\":{\"@id\":\"https:\\\/\\\/ramures.co\\\/#website\"},\"primaryImageOfPage\":{\"@id\":\"https:\\\/\\\/ramures.co\\\/en\\\/produit\\\/thuya-occidental-brandon\\\/#primaryimage\"},\"image\":{\"@id\":\"https:\\\/\\\/ramures.co\\\/en\\\/produit\\\/thuya-occidental-brandon\\\/#primaryimage\"},\"thumbnailUrl\":\"https:\\\/\\\/ramures.co\\\/wp-content\\\/uploads\\\/2025\\\/08\\\/Thuya-occidental-Brandon.jpg\",\"datePublished\":\"2025-08-30T20:12:09+00:00\",\"breadcrumb\":{\"@id\":\"https:\\\/\\\/ramures.co\\\/en\\\/produit\\\/thuya-occidental-brandon\\\/#breadcrumb\"},\"inLanguage\":\"en-US\",\"potentialAction\":[{\"@type\":\"ReadAction\",\"target\":[\"https:\\\/\\\/ramures.co\\\/en\\\/produit\\\/thuya-occidental-brandon\\\/\"]}]},{\"@type\":\"ImageObject\",\"inLanguage\":\"en-US\",\"@id\":\"https:\\\/\\\/ramures.co\\\/en\\\/produit\\\/thuya-occidental-brandon\\\/#primaryimage\",\"url\":\"https:\\\/\\\/ramures.co\\\/wp-content\\\/uploads\\\/2025\\\/08\\\/Thuya-occidental-Brandon.jpg\",\"contentUrl\":\"https:\\\/\\\/ramures.co\\\/wp-content\\\/uploads\\\/2025\\\/08\\\/Thuya-occidental-Brandon.jpg\",\"width\":2048,\"height\":2048},{\"@type\":\"BreadcrumbList\",\"@id\":\"https:\\\/\\\/ramures.co\\\/en\\\/produit\\\/thuya-occidental-brandon\\\/#breadcrumb\",\"itemListElement\":[{\"@type\":\"ListItem\",\"position\":1,\"name\":\"Accueil\",\"item\":\"https:\\\/\\\/ramures.co\\\/en\\\/\"},{\"@type\":\"ListItem\",\"position\":2,\"name\":\"Shop\",\"item\":\"https:\\\/\\\/ramures.co\\\/en\\\/shop\\\/\"},{\"@type\":\"ListItem\",\"position\":3,\"name\":\"Thuya occidental &lsquo;Brandon&rsquo;\"}]},{\"@type\":\"WebSite\",\"@id\":\"https:\\\/\\\/ramures.co\\\/#website\",\"url\":\"https:\\\/\\\/ramures.co\\\/\",\"name\":\"Ramures - P\u00e9pini\u00e8re nordique\",\"description\":\"Une p\u00e9pini\u00e8re d&#039;ici aux racines nordiques\",\"publisher\":{\"@id\":\"https:\\\/\\\/ramures.co\\\/#organization\"},\"alternateName\":\"Ramures\",\"potentialAction\":[{\"@type\":\"SearchAction\",\"target\":{\"@type\":\"EntryPoint\",\"urlTemplate\":\"https:\\\/\\\/ramures.co\\\/?s={search_term_string}\"},\"query-input\":{\"@type\":\"PropertyValueSpecification\",\"valueRequired\":true,\"valueName\":\"search_term_string\"}}],\"inLanguage\":\"en-US\"},{\"@type\":\"Organization\",\"@id\":\"https:\\\/\\\/ramures.co\\\/#organization\",\"name\":\"Ramures\",\"url\":\"https:\\\/\\\/ramures.co\\\/\",\"logo\":{\"@type\":\"ImageObject\",\"inLanguage\":\"en-US\",\"@id\":\"https:\\\/\\\/ramures.co\\\/#\\\/schema\\\/logo\\\/image\\\/\",\"url\":\"https:\\\/\\\/ramures.co\\\/wp-content\\\/uploads\\\/2025\\\/04\\\/Logo-Pepiniere-Ramures.co_.svg\",\"contentUrl\":\"https:\\\/\\\/ramures.co\\\/wp-content\\\/uploads\\\/2025\\\/04\\\/Logo-Pepiniere-Ramures.co_.svg\",\"width\":292,\"height\":53,\"caption\":\"Ramures\"},\"image\":{\"@id\":\"https:\\\/\\\/ramures.co\\\/#\\\/schema\\\/logo\\\/image\\\/\"}}]}<\/script>\n<!-- \/ Yoast SEO plugin. -->","yoast_head_json":{"title":"Thuya occidental 'Brandon' - Ramures","robots":{"index":"index","follow":"follow","max-snippet":"max-snippet:-1","max-image-preview":"max-image-preview:large","max-video-preview":"max-video-preview:-1"},"canonical":"https:\/\/ramures.co\/en\/produit\/thuya-occidental-brandon\/","og_locale":"en_US","og_type":"article","og_title":"Thuya occidental 'Brandon' - Ramures","og_description":"Brandon arborvitae (Thuja occidentalis \u2018Brandon\u2019) is a distinctive and elegant conifer, prized for its narrow, dense, columnar to pyramidal form. Its persistent foliage is a bright medium green that holds its color well throughout the year, even in winter. Its branches are dense and extend upward from the ground, forming an attractive vertical column. It is often used as a screen, hedge, or standalone specimen in landscaping due to its compact form and narrow mature width, which makes it ideal for smaller spaces.   Soil type: \u2018Brandon\u2019 adapts to a wide range of soils but prefers well-drained, fresh to moist soils that are rich in organic matter. It tolerates clay, sandy, and loamy soils, and is also fairly tolerant of calcareous conditions.","og_url":"https:\/\/ramures.co\/en\/produit\/thuya-occidental-brandon\/","og_site_name":"Ramures","og_image":[{"width":1024,"height":1024,"url":"https:\/\/ramures.co\/wp-content\/uploads\/2025\/08\/Thuya-occidental-Brandon-1024x1024.jpg","type":"image\/jpeg"}],"twitter_card":"summary_large_image","schema":{"@context":"https:\/\/schema.org","@graph":[{"@type":"WebPage","@id":"https:\/\/ramures.co\/en\/produit\/thuya-occidental-brandon\/","url":"https:\/\/ramures.co\/en\/produit\/thuya-occidental-brandon\/","name":"Thuya occidental 'Brandon' - Ramures","isPartOf":{"@id":"https:\/\/ramures.co\/#website"},"primaryImageOfPage":{"@id":"https:\/\/ramures.co\/en\/produit\/thuya-occidental-brandon\/#primaryimage"},"image":{"@id":"https:\/\/ramures.co\/en\/produit\/thuya-occidental-brandon\/#primaryimage"},"thumbnailUrl":"https:\/\/ramures.co\/wp-content\/uploads\/2025\/08\/Thuya-occidental-Brandon.jpg","datePublished":"2025-08-30T20:12:09+00:00","breadcrumb":{"@id":"https:\/\/ramures.co\/en\/produit\/thuya-occidental-brandon\/#breadcrumb"},"inLanguage":"en-US","potentialAction":[{"@type":"ReadAction","target":["https:\/\/ramures.co\/en\/produit\/thuya-occidental-brandon\/"]}]},{"@type":"ImageObject","inLanguage":"en-US","@id":"https:\/\/ramures.co\/en\/produit\/thuya-occidental-brandon\/#primaryimage","url":"https:\/\/ramures.co\/wp-content\/uploads\/2025\/08\/Thuya-occidental-Brandon.jpg","contentUrl":"https:\/\/ramures.co\/wp-content\/uploads\/2025\/08\/Thuya-occidental-Brandon.jpg","width":2048,"height":2048},{"@type":"BreadcrumbList","@id":"https:\/\/ramures.co\/en\/produit\/thuya-occidental-brandon\/#breadcrumb","itemListElement":[{"@type":"ListItem","position":1,"name":"Accueil","item":"https:\/\/ramures.co\/en\/"},{"@type":"ListItem","position":2,"name":"Shop","item":"https:\/\/ramures.co\/en\/shop\/"},{"@type":"ListItem","position":3,"name":"Thuya occidental &lsquo;Brandon&rsquo;"}]},{"@type":"WebSite","@id":"https:\/\/ramures.co\/#website","url":"https:\/\/ramures.co\/","name":"Ramures - P\u00e9pini\u00e8re nordique","description":"Une p\u00e9pini\u00e8re d&#039;ici aux racines nordiques","publisher":{"@id":"https:\/\/ramures.co\/#organization"},"alternateName":"Ramures","potentialAction":[{"@type":"SearchAction","target":{"@type":"EntryPoint","urlTemplate":"https:\/\/ramures.co\/?s={search_term_string}"},"query-input":{"@type":"PropertyValueSpecification","valueRequired":true,"valueName":"search_term_string"}}],"inLanguage":"en-US"},{"@type":"Organization","@id":"https:\/\/ramures.co\/#organization","name":"Ramures","url":"https:\/\/ramures.co\/","logo":{"@type":"ImageObject","inLanguage":"en-US","@id":"https:\/\/ramures.co\/#\/schema\/logo\/image\/","url":"https:\/\/ramures.co\/wp-content\/uploads\/2025\/04\/Logo-Pepiniere-Ramures.co_.svg","contentUrl":"https:\/\/ramures.co\/wp-content\/uploads\/2025\/04\/Logo-Pepiniere-Ramures.co_.svg","width":292,"height":53,"caption":"Ramures"},"image":{"@id":"https:\/\/ramures.co\/#\/schema\/logo\/image\/"}}]}},"_links":{"self":[{"href":"https:\/\/ramures.co\/en\/wp-json\/wp\/v2\/product\/2221","targetHints":{"allow":["GET"]}}],"collection":[{"href":"https:\/\/ramures.co\/en\/wp-json\/wp\/v2\/product"}],"about":[{"href":"https:\/\/ramures.co\/en\/wp-json\/wp\/v2\/types\/product"}],"wp:featuredmedia":[{"embeddable":true,"href":"https:\/\/ramures.co\/en\/wp-json\/wp\/v2\/media\/1562"}],"wp:attachment":[{"href":"https:\/\/ramures.co\/en\/wp-json\/wp\/v2\/media?parent=2221"}],"wp:term":[{"taxonomy":"product_brand","embeddable":true,"href":"https:\/\/ramures.co\/en\/wp-json\/wp\/v2\/product_brand?post=2221"},{"taxonomy":"product_cat","embeddable":true,"href":"https:\/\/ramures.co\/en\/wp-json\/wp\/v2\/product_cat?post=2221"},{"taxonomy":"product_tag","embeddable":true,"href":"https:\/\/ramures.co\/en\/wp-json\/wp\/v2\/product_tag?post=2221"}],"curies":[{"name":"wp","href":"https:\/\/api.w.org\/{rel}","templated":true}]}}