{"id":1921,"date":"2025-08-24T22:23:36","date_gmt":"2025-08-24T22:23:36","guid":{"rendered":"https:\/\/ramures.co\/produit\/serviceberry-robin-hill\/"},"modified":"2025-09-26T22:46:21","modified_gmt":"2025-09-26T22:46:21","slug":"serviceberry-robin-hill","status":"publish","type":"product","link":"https:\/\/ramures.co\/en\/produit\/serviceberry-robin-hill\/","title":{"rendered":"Amelanchier g. &#8216;Robin Hill&#8217;"},"content":{"rendered":"","protected":false},"excerpt":{"rendered":"<p>The Serviceberry \u2018Robin Hill\u2019 is a highly valued ornamental shrub or small tree known for its spectacular spring bloom, attractive summer foliage, and beautiful fall colors. In spring, it is covered with a multitude of small, star-shaped flowers, white to slightly pink, that appear before the leaves emerge. The flower buds are pink. These blossoms are followed by small edible berries, first red and then turning blue-black at maturity, which are highly attractive to birds. Its dark green summer foliage transforms into stunning shades of orange and bright red in autumn, adding lasting visual interest to the garden. It has an oval to rounded shape with an elegant habit.     <\/p>\n<p><strong>Soil type:<\/strong> Prefers well-drained, rich soil that is slightly acidic to neutral. It tolerates a range of soils, including clay or sandy soils, provided they are well-drained. <\/p>\n","protected":false},"featured_media":1922,"template":"","meta":{"inline_featured_image":false},"product_brand":[],"product_cat":[147],"product_tag":[],"class_list":{"0":"post-1921","1":"product","2":"type-product","3":"status-publish","4":"has-post-thumbnail","6":"product_cat-deciduous","7":"sales-flash-overlay","8":"woocommerce-text-align-center","9":"woocommerce-image-align-center","10":"do-quantity-buttons","12":"first","13":"outofstock","14":"taxable","15":"shipping-taxable","16":"purchasable","17":"product-type-variable"},"yoast_head":"<!-- This site is optimized with the Yoast SEO plugin v27.3 - https:\/\/yoast.com\/product\/yoast-seo-wordpress\/ -->\n<title>Amelanchier g. &#039;Robin Hill&#039; - Ramures<\/title>\n<meta name=\"robots\" content=\"index, follow, max-snippet:-1, max-image-preview:large, max-video-preview:-1\" \/>\n<link rel=\"canonical\" href=\"https:\/\/ramures.co\/en\/produit\/serviceberry-robin-hill\/\" \/>\n<meta property=\"og:locale\" content=\"en_US\" \/>\n<meta property=\"og:type\" content=\"article\" \/>\n<meta property=\"og:title\" content=\"Amelanchier g. &#039;Robin Hill&#039; - Ramures\" \/>\n<meta property=\"og:description\" content=\"The Serviceberry \u2018Robin Hill\u2019 is a highly valued ornamental shrub or small tree known for its spectacular spring bloom, attractive summer foliage, and beautiful fall colors. In spring, it is covered with a multitude of small, star-shaped flowers, white to slightly pink, that appear before the leaves emerge. The flower buds are pink. These blossoms are followed by small edible berries, first red and then turning blue-black at maturity, which are highly attractive to birds. Its dark green summer foliage transforms into stunning shades of orange and bright red in autumn, adding lasting visual interest to the garden. It has an oval to rounded shape with an elegant habit.    Soil type: Prefers well-drained, rich soil that is slightly acidic to neutral. It tolerates a range of soils, including clay or sandy soils, provided they are well-drained.\" \/>\n<meta property=\"og:url\" content=\"https:\/\/ramures.co\/en\/produit\/serviceberry-robin-hill\/\" \/>\n<meta property=\"og:site_name\" content=\"Ramures\" \/>\n<meta property=\"article:modified_time\" content=\"2025-09-26T22:46:21+00:00\" \/>\n<meta property=\"og:image\" content=\"https:\/\/ramures.co\/wp-content\/uploads\/2025\/08\/Amelanchier-G.-Robin-Hill-2.jpg\" \/>\n\t<meta property=\"og:image:width\" content=\"1145\" \/>\n\t<meta property=\"og:image:height\" content=\"859\" \/>\n\t<meta property=\"og:image:type\" content=\"image\/jpeg\" \/>\n<meta name=\"twitter:card\" content=\"summary_large_image\" \/>\n<script type=\"application\/ld+json\" class=\"yoast-schema-graph\">{\"@context\":\"https:\\\/\\\/schema.org\",\"@graph\":[{\"@type\":\"WebPage\",\"@id\":\"https:\\\/\\\/ramures.co\\\/en\\\/produit\\\/serviceberry-robin-hill\\\/\",\"url\":\"https:\\\/\\\/ramures.co\\\/en\\\/produit\\\/serviceberry-robin-hill\\\/\",\"name\":\"Amelanchier g. 'Robin Hill' - Ramures\",\"isPartOf\":{\"@id\":\"https:\\\/\\\/ramures.co\\\/#website\"},\"primaryImageOfPage\":{\"@id\":\"https:\\\/\\\/ramures.co\\\/en\\\/produit\\\/serviceberry-robin-hill\\\/#primaryimage\"},\"image\":{\"@id\":\"https:\\\/\\\/ramures.co\\\/en\\\/produit\\\/serviceberry-robin-hill\\\/#primaryimage\"},\"thumbnailUrl\":\"https:\\\/\\\/ramures.co\\\/wp-content\\\/uploads\\\/2025\\\/08\\\/Amelanchier-G.-Robin-Hill-2.jpg\",\"datePublished\":\"2025-08-24T22:23:36+00:00\",\"dateModified\":\"2025-09-26T22:46:21+00:00\",\"breadcrumb\":{\"@id\":\"https:\\\/\\\/ramures.co\\\/en\\\/produit\\\/serviceberry-robin-hill\\\/#breadcrumb\"},\"inLanguage\":\"en-US\",\"potentialAction\":[{\"@type\":\"ReadAction\",\"target\":[\"https:\\\/\\\/ramures.co\\\/en\\\/produit\\\/serviceberry-robin-hill\\\/\"]}]},{\"@type\":\"ImageObject\",\"inLanguage\":\"en-US\",\"@id\":\"https:\\\/\\\/ramures.co\\\/en\\\/produit\\\/serviceberry-robin-hill\\\/#primaryimage\",\"url\":\"https:\\\/\\\/ramures.co\\\/wp-content\\\/uploads\\\/2025\\\/08\\\/Amelanchier-G.-Robin-Hill-2.jpg\",\"contentUrl\":\"https:\\\/\\\/ramures.co\\\/wp-content\\\/uploads\\\/2025\\\/08\\\/Amelanchier-G.-Robin-Hill-2.jpg\",\"width\":1145,\"height\":859},{\"@type\":\"BreadcrumbList\",\"@id\":\"https:\\\/\\\/ramures.co\\\/en\\\/produit\\\/serviceberry-robin-hill\\\/#breadcrumb\",\"itemListElement\":[{\"@type\":\"ListItem\",\"position\":1,\"name\":\"Accueil\",\"item\":\"https:\\\/\\\/ramures.co\\\/en\\\/\"},{\"@type\":\"ListItem\",\"position\":2,\"name\":\"Shop\",\"item\":\"https:\\\/\\\/ramures.co\\\/en\\\/shop\\\/\"},{\"@type\":\"ListItem\",\"position\":3,\"name\":\"Amelanchier g. &lsquo;Robin Hill&rsquo;\"}]},{\"@type\":\"WebSite\",\"@id\":\"https:\\\/\\\/ramures.co\\\/#website\",\"url\":\"https:\\\/\\\/ramures.co\\\/\",\"name\":\"Ramures - P\u00e9pini\u00e8re nordique\",\"description\":\"Une p\u00e9pini\u00e8re d&#039;ici aux racines nordiques\",\"publisher\":{\"@id\":\"https:\\\/\\\/ramures.co\\\/#organization\"},\"alternateName\":\"Ramures\",\"potentialAction\":[{\"@type\":\"SearchAction\",\"target\":{\"@type\":\"EntryPoint\",\"urlTemplate\":\"https:\\\/\\\/ramures.co\\\/?s={search_term_string}\"},\"query-input\":{\"@type\":\"PropertyValueSpecification\",\"valueRequired\":true,\"valueName\":\"search_term_string\"}}],\"inLanguage\":\"en-US\"},{\"@type\":\"Organization\",\"@id\":\"https:\\\/\\\/ramures.co\\\/#organization\",\"name\":\"Ramures\",\"url\":\"https:\\\/\\\/ramures.co\\\/\",\"logo\":{\"@type\":\"ImageObject\",\"inLanguage\":\"en-US\",\"@id\":\"https:\\\/\\\/ramures.co\\\/#\\\/schema\\\/logo\\\/image\\\/\",\"url\":\"https:\\\/\\\/ramures.co\\\/wp-content\\\/uploads\\\/2025\\\/04\\\/Logo-Pepiniere-Ramures.co_.svg\",\"contentUrl\":\"https:\\\/\\\/ramures.co\\\/wp-content\\\/uploads\\\/2025\\\/04\\\/Logo-Pepiniere-Ramures.co_.svg\",\"width\":292,\"height\":53,\"caption\":\"Ramures\"},\"image\":{\"@id\":\"https:\\\/\\\/ramures.co\\\/#\\\/schema\\\/logo\\\/image\\\/\"}}]}<\/script>\n<!-- \/ Yoast SEO plugin. -->","yoast_head_json":{"title":"Amelanchier g. 'Robin Hill' - Ramures","robots":{"index":"index","follow":"follow","max-snippet":"max-snippet:-1","max-image-preview":"max-image-preview:large","max-video-preview":"max-video-preview:-1"},"canonical":"https:\/\/ramures.co\/en\/produit\/serviceberry-robin-hill\/","og_locale":"en_US","og_type":"article","og_title":"Amelanchier g. 'Robin Hill' - Ramures","og_description":"The Serviceberry \u2018Robin Hill\u2019 is a highly valued ornamental shrub or small tree known for its spectacular spring bloom, attractive summer foliage, and beautiful fall colors. In spring, it is covered with a multitude of small, star-shaped flowers, white to slightly pink, that appear before the leaves emerge. The flower buds are pink. These blossoms are followed by small edible berries, first red and then turning blue-black at maturity, which are highly attractive to birds. Its dark green summer foliage transforms into stunning shades of orange and bright red in autumn, adding lasting visual interest to the garden. It has an oval to rounded shape with an elegant habit.    Soil type: Prefers well-drained, rich soil that is slightly acidic to neutral. It tolerates a range of soils, including clay or sandy soils, provided they are well-drained.","og_url":"https:\/\/ramures.co\/en\/produit\/serviceberry-robin-hill\/","og_site_name":"Ramures","article_modified_time":"2025-09-26T22:46:21+00:00","og_image":[{"width":1145,"height":859,"url":"https:\/\/ramures.co\/wp-content\/uploads\/2025\/08\/Amelanchier-G.-Robin-Hill-2.jpg","type":"image\/jpeg"}],"twitter_card":"summary_large_image","schema":{"@context":"https:\/\/schema.org","@graph":[{"@type":"WebPage","@id":"https:\/\/ramures.co\/en\/produit\/serviceberry-robin-hill\/","url":"https:\/\/ramures.co\/en\/produit\/serviceberry-robin-hill\/","name":"Amelanchier g. 'Robin Hill' - Ramures","isPartOf":{"@id":"https:\/\/ramures.co\/#website"},"primaryImageOfPage":{"@id":"https:\/\/ramures.co\/en\/produit\/serviceberry-robin-hill\/#primaryimage"},"image":{"@id":"https:\/\/ramures.co\/en\/produit\/serviceberry-robin-hill\/#primaryimage"},"thumbnailUrl":"https:\/\/ramures.co\/wp-content\/uploads\/2025\/08\/Amelanchier-G.-Robin-Hill-2.jpg","datePublished":"2025-08-24T22:23:36+00:00","dateModified":"2025-09-26T22:46:21+00:00","breadcrumb":{"@id":"https:\/\/ramures.co\/en\/produit\/serviceberry-robin-hill\/#breadcrumb"},"inLanguage":"en-US","potentialAction":[{"@type":"ReadAction","target":["https:\/\/ramures.co\/en\/produit\/serviceberry-robin-hill\/"]}]},{"@type":"ImageObject","inLanguage":"en-US","@id":"https:\/\/ramures.co\/en\/produit\/serviceberry-robin-hill\/#primaryimage","url":"https:\/\/ramures.co\/wp-content\/uploads\/2025\/08\/Amelanchier-G.-Robin-Hill-2.jpg","contentUrl":"https:\/\/ramures.co\/wp-content\/uploads\/2025\/08\/Amelanchier-G.-Robin-Hill-2.jpg","width":1145,"height":859},{"@type":"BreadcrumbList","@id":"https:\/\/ramures.co\/en\/produit\/serviceberry-robin-hill\/#breadcrumb","itemListElement":[{"@type":"ListItem","position":1,"name":"Accueil","item":"https:\/\/ramures.co\/en\/"},{"@type":"ListItem","position":2,"name":"Shop","item":"https:\/\/ramures.co\/en\/shop\/"},{"@type":"ListItem","position":3,"name":"Amelanchier g. &lsquo;Robin Hill&rsquo;"}]},{"@type":"WebSite","@id":"https:\/\/ramures.co\/#website","url":"https:\/\/ramures.co\/","name":"Ramures - P\u00e9pini\u00e8re nordique","description":"Une p\u00e9pini\u00e8re d&#039;ici aux racines nordiques","publisher":{"@id":"https:\/\/ramures.co\/#organization"},"alternateName":"Ramures","potentialAction":[{"@type":"SearchAction","target":{"@type":"EntryPoint","urlTemplate":"https:\/\/ramures.co\/?s={search_term_string}"},"query-input":{"@type":"PropertyValueSpecification","valueRequired":true,"valueName":"search_term_string"}}],"inLanguage":"en-US"},{"@type":"Organization","@id":"https:\/\/ramures.co\/#organization","name":"Ramures","url":"https:\/\/ramures.co\/","logo":{"@type":"ImageObject","inLanguage":"en-US","@id":"https:\/\/ramures.co\/#\/schema\/logo\/image\/","url":"https:\/\/ramures.co\/wp-content\/uploads\/2025\/04\/Logo-Pepiniere-Ramures.co_.svg","contentUrl":"https:\/\/ramures.co\/wp-content\/uploads\/2025\/04\/Logo-Pepiniere-Ramures.co_.svg","width":292,"height":53,"caption":"Ramures"},"image":{"@id":"https:\/\/ramures.co\/#\/schema\/logo\/image\/"}}]}},"_links":{"self":[{"href":"https:\/\/ramures.co\/en\/wp-json\/wp\/v2\/product\/1921","targetHints":{"allow":["GET"]}}],"collection":[{"href":"https:\/\/ramures.co\/en\/wp-json\/wp\/v2\/product"}],"about":[{"href":"https:\/\/ramures.co\/en\/wp-json\/wp\/v2\/types\/product"}],"wp:featuredmedia":[{"embeddable":true,"href":"https:\/\/ramures.co\/en\/wp-json\/wp\/v2\/media\/1922"}],"wp:attachment":[{"href":"https:\/\/ramures.co\/en\/wp-json\/wp\/v2\/media?parent=1921"}],"wp:term":[{"taxonomy":"product_brand","embeddable":true,"href":"https:\/\/ramures.co\/en\/wp-json\/wp\/v2\/product_brand?post=1921"},{"taxonomy":"product_cat","embeddable":true,"href":"https:\/\/ramures.co\/en\/wp-json\/wp\/v2\/product_cat?post=1921"},{"taxonomy":"product_tag","embeddable":true,"href":"https:\/\/ramures.co\/en\/wp-json\/wp\/v2\/product_tag?post=1921"}],"curies":[{"name":"wp","href":"https:\/\/api.w.org\/{rel}","templated":true}]}}