{"id":1915,"date":"2025-08-24T22:20:17","date_gmt":"2025-08-24T22:20:17","guid":{"rendered":"https:\/\/ramures.co\/produit\/serviceberry-autumn-brilliance\/"},"modified":"2025-09-26T22:46:00","modified_gmt":"2025-09-26T22:46:00","slug":"serviceberry-autumn-brilliance","status":"publish","type":"product","link":"https:\/\/ramures.co\/en\/produit\/serviceberry-autumn-brilliance\/","title":{"rendered":"Amelanchier &#8216;Autumn Brilliance&#8217;"},"content":{"rendered":"","protected":false},"excerpt":{"rendered":"<p>The Serviceberry \u2018Autumn Brilliance\u2019 is a highly valued cultivar known for its multi-season beauty. In spring, it is covered with a profusion of delicate white flowers that appear before or along with the leaves. These are followed in summer by small edible berries, first green, then red, and finally purplish-black at maturity, which are much loved by birds and can also be used for human consumption (pies, jams). Its deciduous foliage is medium green in summer, turning into spectacular, vibrant shades of bright orange-red in autumn\u2014hence its name \u2018Autumn Brilliance.\u2019 It has an upright, erect form, and its smooth gray bark adds winter interest.     <\/p>\n<p><strong>Soil type:<\/strong> It is highly adaptable and tolerates a wide range of soils but prefers well-drained, rich soil that is slightly acidic to neutral. It can tolerate clay and sandy soils as long as they are not constantly waterlogged. <\/p>\n","protected":false},"featured_media":1917,"template":"","meta":{"inline_featured_image":false},"product_brand":[],"product_cat":[147],"product_tag":[],"class_list":{"0":"post-1915","1":"product","2":"type-product","3":"status-publish","4":"has-post-thumbnail","6":"product_cat-deciduous","7":"sales-flash-overlay","8":"woocommerce-text-align-center","9":"woocommerce-image-align-center","10":"do-quantity-buttons","12":"first","13":"outofstock","14":"taxable","15":"shipping-taxable","16":"purchasable","17":"product-type-variable"},"yoast_head":"<!-- This site is optimized with the Yoast SEO plugin v27.3 - https:\/\/yoast.com\/product\/yoast-seo-wordpress\/ -->\n<title>Amelanchier &#039;Autumn Brilliance&#039; - Ramures<\/title>\n<meta name=\"robots\" content=\"index, follow, max-snippet:-1, max-image-preview:large, max-video-preview:-1\" \/>\n<link rel=\"canonical\" href=\"https:\/\/ramures.co\/en\/produit\/serviceberry-autumn-brilliance\/\" \/>\n<meta property=\"og:locale\" content=\"en_US\" \/>\n<meta property=\"og:type\" content=\"article\" \/>\n<meta property=\"og:title\" content=\"Amelanchier &#039;Autumn Brilliance&#039; - Ramures\" \/>\n<meta property=\"og:description\" content=\"The Serviceberry \u2018Autumn Brilliance\u2019 is a highly valued cultivar known for its multi-season beauty. In spring, it is covered with a profusion of delicate white flowers that appear before or along with the leaves. These are followed in summer by small edible berries, first green, then red, and finally purplish-black at maturity, which are much loved by birds and can also be used for human consumption (pies, jams). Its deciduous foliage is medium green in summer, turning into spectacular, vibrant shades of bright orange-red in autumn\u2014hence its name \u2018Autumn Brilliance.\u2019 It has an upright, erect form, and its smooth gray bark adds winter interest.    Soil type: It is highly adaptable and tolerates a wide range of soils but prefers well-drained, rich soil that is slightly acidic to neutral. It can tolerate clay and sandy soils as long as they are not constantly waterlogged.\" \/>\n<meta property=\"og:url\" content=\"https:\/\/ramures.co\/en\/produit\/serviceberry-autumn-brilliance\/\" \/>\n<meta property=\"og:site_name\" content=\"Ramures\" \/>\n<meta property=\"article:modified_time\" content=\"2025-09-26T22:46:00+00:00\" \/>\n<meta property=\"og:image\" content=\"https:\/\/ramures.co\/wp-content\/uploads\/2025\/08\/Amelanchier-G.-Autumn-Brilliance.jpg\" \/>\n\t<meta property=\"og:image:width\" content=\"714\" \/>\n\t<meta property=\"og:image:height\" content=\"648\" \/>\n\t<meta property=\"og:image:type\" content=\"image\/jpeg\" \/>\n<meta name=\"twitter:card\" content=\"summary_large_image\" \/>\n<script type=\"application\/ld+json\" class=\"yoast-schema-graph\">{\"@context\":\"https:\\\/\\\/schema.org\",\"@graph\":[{\"@type\":\"WebPage\",\"@id\":\"https:\\\/\\\/ramures.co\\\/en\\\/produit\\\/serviceberry-autumn-brilliance\\\/\",\"url\":\"https:\\\/\\\/ramures.co\\\/en\\\/produit\\\/serviceberry-autumn-brilliance\\\/\",\"name\":\"Amelanchier 'Autumn Brilliance' - Ramures\",\"isPartOf\":{\"@id\":\"https:\\\/\\\/ramures.co\\\/#website\"},\"primaryImageOfPage\":{\"@id\":\"https:\\\/\\\/ramures.co\\\/en\\\/produit\\\/serviceberry-autumn-brilliance\\\/#primaryimage\"},\"image\":{\"@id\":\"https:\\\/\\\/ramures.co\\\/en\\\/produit\\\/serviceberry-autumn-brilliance\\\/#primaryimage\"},\"thumbnailUrl\":\"https:\\\/\\\/ramures.co\\\/wp-content\\\/uploads\\\/2025\\\/08\\\/Amelanchier-G.-Autumn-Brilliance.jpg\",\"datePublished\":\"2025-08-24T22:20:17+00:00\",\"dateModified\":\"2025-09-26T22:46:00+00:00\",\"breadcrumb\":{\"@id\":\"https:\\\/\\\/ramures.co\\\/en\\\/produit\\\/serviceberry-autumn-brilliance\\\/#breadcrumb\"},\"inLanguage\":\"en-US\",\"potentialAction\":[{\"@type\":\"ReadAction\",\"target\":[\"https:\\\/\\\/ramures.co\\\/en\\\/produit\\\/serviceberry-autumn-brilliance\\\/\"]}]},{\"@type\":\"ImageObject\",\"inLanguage\":\"en-US\",\"@id\":\"https:\\\/\\\/ramures.co\\\/en\\\/produit\\\/serviceberry-autumn-brilliance\\\/#primaryimage\",\"url\":\"https:\\\/\\\/ramures.co\\\/wp-content\\\/uploads\\\/2025\\\/08\\\/Amelanchier-G.-Autumn-Brilliance.jpg\",\"contentUrl\":\"https:\\\/\\\/ramures.co\\\/wp-content\\\/uploads\\\/2025\\\/08\\\/Amelanchier-G.-Autumn-Brilliance.jpg\",\"width\":714,\"height\":648},{\"@type\":\"BreadcrumbList\",\"@id\":\"https:\\\/\\\/ramures.co\\\/en\\\/produit\\\/serviceberry-autumn-brilliance\\\/#breadcrumb\",\"itemListElement\":[{\"@type\":\"ListItem\",\"position\":1,\"name\":\"Accueil\",\"item\":\"https:\\\/\\\/ramures.co\\\/en\\\/\"},{\"@type\":\"ListItem\",\"position\":2,\"name\":\"Shop\",\"item\":\"https:\\\/\\\/ramures.co\\\/en\\\/shop\\\/\"},{\"@type\":\"ListItem\",\"position\":3,\"name\":\"Amelanchier &lsquo;Autumn Brilliance&rsquo;\"}]},{\"@type\":\"WebSite\",\"@id\":\"https:\\\/\\\/ramures.co\\\/#website\",\"url\":\"https:\\\/\\\/ramures.co\\\/\",\"name\":\"Ramures - P\u00e9pini\u00e8re nordique\",\"description\":\"Une p\u00e9pini\u00e8re d&#039;ici aux racines nordiques\",\"publisher\":{\"@id\":\"https:\\\/\\\/ramures.co\\\/#organization\"},\"alternateName\":\"Ramures\",\"potentialAction\":[{\"@type\":\"SearchAction\",\"target\":{\"@type\":\"EntryPoint\",\"urlTemplate\":\"https:\\\/\\\/ramures.co\\\/?s={search_term_string}\"},\"query-input\":{\"@type\":\"PropertyValueSpecification\",\"valueRequired\":true,\"valueName\":\"search_term_string\"}}],\"inLanguage\":\"en-US\"},{\"@type\":\"Organization\",\"@id\":\"https:\\\/\\\/ramures.co\\\/#organization\",\"name\":\"Ramures\",\"url\":\"https:\\\/\\\/ramures.co\\\/\",\"logo\":{\"@type\":\"ImageObject\",\"inLanguage\":\"en-US\",\"@id\":\"https:\\\/\\\/ramures.co\\\/#\\\/schema\\\/logo\\\/image\\\/\",\"url\":\"https:\\\/\\\/ramures.co\\\/wp-content\\\/uploads\\\/2025\\\/04\\\/Logo-Pepiniere-Ramures.co_.svg\",\"contentUrl\":\"https:\\\/\\\/ramures.co\\\/wp-content\\\/uploads\\\/2025\\\/04\\\/Logo-Pepiniere-Ramures.co_.svg\",\"width\":292,\"height\":53,\"caption\":\"Ramures\"},\"image\":{\"@id\":\"https:\\\/\\\/ramures.co\\\/#\\\/schema\\\/logo\\\/image\\\/\"}}]}<\/script>\n<!-- \/ Yoast SEO plugin. -->","yoast_head_json":{"title":"Amelanchier 'Autumn Brilliance' - Ramures","robots":{"index":"index","follow":"follow","max-snippet":"max-snippet:-1","max-image-preview":"max-image-preview:large","max-video-preview":"max-video-preview:-1"},"canonical":"https:\/\/ramures.co\/en\/produit\/serviceberry-autumn-brilliance\/","og_locale":"en_US","og_type":"article","og_title":"Amelanchier 'Autumn Brilliance' - Ramures","og_description":"The Serviceberry \u2018Autumn Brilliance\u2019 is a highly valued cultivar known for its multi-season beauty. In spring, it is covered with a profusion of delicate white flowers that appear before or along with the leaves. These are followed in summer by small edible berries, first green, then red, and finally purplish-black at maturity, which are much loved by birds and can also be used for human consumption (pies, jams). Its deciduous foliage is medium green in summer, turning into spectacular, vibrant shades of bright orange-red in autumn\u2014hence its name \u2018Autumn Brilliance.\u2019 It has an upright, erect form, and its smooth gray bark adds winter interest.    Soil type: It is highly adaptable and tolerates a wide range of soils but prefers well-drained, rich soil that is slightly acidic to neutral. It can tolerate clay and sandy soils as long as they are not constantly waterlogged.","og_url":"https:\/\/ramures.co\/en\/produit\/serviceberry-autumn-brilliance\/","og_site_name":"Ramures","article_modified_time":"2025-09-26T22:46:00+00:00","og_image":[{"width":714,"height":648,"url":"https:\/\/ramures.co\/wp-content\/uploads\/2025\/08\/Amelanchier-G.-Autumn-Brilliance.jpg","type":"image\/jpeg"}],"twitter_card":"summary_large_image","schema":{"@context":"https:\/\/schema.org","@graph":[{"@type":"WebPage","@id":"https:\/\/ramures.co\/en\/produit\/serviceberry-autumn-brilliance\/","url":"https:\/\/ramures.co\/en\/produit\/serviceberry-autumn-brilliance\/","name":"Amelanchier 'Autumn Brilliance' - Ramures","isPartOf":{"@id":"https:\/\/ramures.co\/#website"},"primaryImageOfPage":{"@id":"https:\/\/ramures.co\/en\/produit\/serviceberry-autumn-brilliance\/#primaryimage"},"image":{"@id":"https:\/\/ramures.co\/en\/produit\/serviceberry-autumn-brilliance\/#primaryimage"},"thumbnailUrl":"https:\/\/ramures.co\/wp-content\/uploads\/2025\/08\/Amelanchier-G.-Autumn-Brilliance.jpg","datePublished":"2025-08-24T22:20:17+00:00","dateModified":"2025-09-26T22:46:00+00:00","breadcrumb":{"@id":"https:\/\/ramures.co\/en\/produit\/serviceberry-autumn-brilliance\/#breadcrumb"},"inLanguage":"en-US","potentialAction":[{"@type":"ReadAction","target":["https:\/\/ramures.co\/en\/produit\/serviceberry-autumn-brilliance\/"]}]},{"@type":"ImageObject","inLanguage":"en-US","@id":"https:\/\/ramures.co\/en\/produit\/serviceberry-autumn-brilliance\/#primaryimage","url":"https:\/\/ramures.co\/wp-content\/uploads\/2025\/08\/Amelanchier-G.-Autumn-Brilliance.jpg","contentUrl":"https:\/\/ramures.co\/wp-content\/uploads\/2025\/08\/Amelanchier-G.-Autumn-Brilliance.jpg","width":714,"height":648},{"@type":"BreadcrumbList","@id":"https:\/\/ramures.co\/en\/produit\/serviceberry-autumn-brilliance\/#breadcrumb","itemListElement":[{"@type":"ListItem","position":1,"name":"Accueil","item":"https:\/\/ramures.co\/en\/"},{"@type":"ListItem","position":2,"name":"Shop","item":"https:\/\/ramures.co\/en\/shop\/"},{"@type":"ListItem","position":3,"name":"Amelanchier &lsquo;Autumn Brilliance&rsquo;"}]},{"@type":"WebSite","@id":"https:\/\/ramures.co\/#website","url":"https:\/\/ramures.co\/","name":"Ramures - P\u00e9pini\u00e8re nordique","description":"Une p\u00e9pini\u00e8re d&#039;ici aux racines nordiques","publisher":{"@id":"https:\/\/ramures.co\/#organization"},"alternateName":"Ramures","potentialAction":[{"@type":"SearchAction","target":{"@type":"EntryPoint","urlTemplate":"https:\/\/ramures.co\/?s={search_term_string}"},"query-input":{"@type":"PropertyValueSpecification","valueRequired":true,"valueName":"search_term_string"}}],"inLanguage":"en-US"},{"@type":"Organization","@id":"https:\/\/ramures.co\/#organization","name":"Ramures","url":"https:\/\/ramures.co\/","logo":{"@type":"ImageObject","inLanguage":"en-US","@id":"https:\/\/ramures.co\/#\/schema\/logo\/image\/","url":"https:\/\/ramures.co\/wp-content\/uploads\/2025\/04\/Logo-Pepiniere-Ramures.co_.svg","contentUrl":"https:\/\/ramures.co\/wp-content\/uploads\/2025\/04\/Logo-Pepiniere-Ramures.co_.svg","width":292,"height":53,"caption":"Ramures"},"image":{"@id":"https:\/\/ramures.co\/#\/schema\/logo\/image\/"}}]}},"_links":{"self":[{"href":"https:\/\/ramures.co\/en\/wp-json\/wp\/v2\/product\/1915","targetHints":{"allow":["GET"]}}],"collection":[{"href":"https:\/\/ramures.co\/en\/wp-json\/wp\/v2\/product"}],"about":[{"href":"https:\/\/ramures.co\/en\/wp-json\/wp\/v2\/types\/product"}],"wp:featuredmedia":[{"embeddable":true,"href":"https:\/\/ramures.co\/en\/wp-json\/wp\/v2\/media\/1917"}],"wp:attachment":[{"href":"https:\/\/ramures.co\/en\/wp-json\/wp\/v2\/media?parent=1915"}],"wp:term":[{"taxonomy":"product_brand","embeddable":true,"href":"https:\/\/ramures.co\/en\/wp-json\/wp\/v2\/product_brand?post=1915"},{"taxonomy":"product_cat","embeddable":true,"href":"https:\/\/ramures.co\/en\/wp-json\/wp\/v2\/product_cat?post=1915"},{"taxonomy":"product_tag","embeddable":true,"href":"https:\/\/ramures.co\/en\/wp-json\/wp\/v2\/product_tag?post=1915"}],"curies":[{"name":"wp","href":"https:\/\/api.w.org\/{rel}","templated":true}]}}