{"id":1903,"date":"2025-08-24T22:01:11","date_gmt":"2025-08-24T22:01:11","guid":{"rendered":"https:\/\/ramures.co\/produit\/canadian-serviceberry\/"},"modified":"2025-09-26T22:45:06","modified_gmt":"2025-09-26T22:45:06","slug":"canadian-serviceberry","status":"publish","type":"product","link":"https:\/\/ramures.co\/en\/produit\/canadian-serviceberry\/","title":{"rendered":"Amelanchier canadensis (Tree)"},"content":{"rendered":"","protected":false},"excerpt":{"rendered":"<p>The Canadian Serviceberry is a small tree native to North America, valued for its beauty in spring, summer, and autumn. In spring, it is covered with a multitude of delicate white flowers that appear before or at the same time as the leaves. These are followed in summer by small edible round fruits, first red then blue-black at maturity, resembling blueberries and much appreciated by both birds and humans. In autumn, its green foliage turns to stunning shades of orange, red, and purple, creating a colorful display.   <\/p>\n<p><strong>Soil type:<\/strong> The Canadian Serviceberry is adaptable to a wide range of soils but prefers well-drained, cool, slightly acidic to neutral soils. It tolerates both clay and sandy soils. <\/p>\n","protected":false},"featured_media":1904,"template":"","meta":{"inline_featured_image":false},"product_brand":[],"product_cat":[147],"product_tag":[],"class_list":{"0":"post-1903","1":"product","2":"type-product","3":"status-publish","4":"has-post-thumbnail","6":"product_cat-deciduous","7":"sales-flash-overlay","8":"woocommerce-text-align-center","9":"woocommerce-image-align-center","10":"do-quantity-buttons","12":"first","13":"instock","14":"taxable","15":"shipping-taxable","16":"purchasable","17":"product-type-variable"},"yoast_head":"<!-- This site is optimized with the Yoast SEO plugin v27.3 - https:\/\/yoast.com\/product\/yoast-seo-wordpress\/ -->\n<title>Amelanchier canadensis (Tree) - Ramures<\/title>\n<meta name=\"robots\" content=\"index, follow, max-snippet:-1, max-image-preview:large, max-video-preview:-1\" \/>\n<link rel=\"canonical\" href=\"https:\/\/ramures.co\/en\/produit\/canadian-serviceberry\/\" \/>\n<meta property=\"og:locale\" content=\"en_US\" \/>\n<meta property=\"og:type\" content=\"article\" \/>\n<meta property=\"og:title\" content=\"Amelanchier canadensis (Tree) - Ramures\" \/>\n<meta property=\"og:description\" content=\"The Canadian Serviceberry is a small tree native to North America, valued for its beauty in spring, summer, and autumn. In spring, it is covered with a multitude of delicate white flowers that appear before or at the same time as the leaves. These are followed in summer by small edible round fruits, first red then blue-black at maturity, resembling blueberries and much appreciated by both birds and humans. In autumn, its green foliage turns to stunning shades of orange, red, and purple, creating a colorful display.   Soil type: The Canadian Serviceberry is adaptable to a wide range of soils but prefers well-drained, cool, slightly acidic to neutral soils. It tolerates both clay and sandy soils.\" \/>\n<meta property=\"og:url\" content=\"https:\/\/ramures.co\/en\/produit\/canadian-serviceberry\/\" \/>\n<meta property=\"og:site_name\" content=\"Ramures\" \/>\n<meta property=\"article:modified_time\" content=\"2025-09-26T22:45:06+00:00\" \/>\n<meta property=\"og:image\" content=\"https:\/\/ramures.co\/wp-content\/uploads\/2025\/08\/Amelanchier-canadensis-Ballerina-1.jpg\" \/>\n\t<meta property=\"og:image:width\" content=\"519\" \/>\n\t<meta property=\"og:image:height\" content=\"588\" \/>\n\t<meta property=\"og:image:type\" content=\"image\/jpeg\" \/>\n<meta name=\"twitter:card\" content=\"summary_large_image\" \/>\n<script type=\"application\/ld+json\" class=\"yoast-schema-graph\">{\"@context\":\"https:\\\/\\\/schema.org\",\"@graph\":[{\"@type\":\"WebPage\",\"@id\":\"https:\\\/\\\/ramures.co\\\/en\\\/produit\\\/canadian-serviceberry\\\/\",\"url\":\"https:\\\/\\\/ramures.co\\\/en\\\/produit\\\/canadian-serviceberry\\\/\",\"name\":\"Amelanchier canadensis (Tree) - Ramures\",\"isPartOf\":{\"@id\":\"https:\\\/\\\/ramures.co\\\/#website\"},\"primaryImageOfPage\":{\"@id\":\"https:\\\/\\\/ramures.co\\\/en\\\/produit\\\/canadian-serviceberry\\\/#primaryimage\"},\"image\":{\"@id\":\"https:\\\/\\\/ramures.co\\\/en\\\/produit\\\/canadian-serviceberry\\\/#primaryimage\"},\"thumbnailUrl\":\"https:\\\/\\\/ramures.co\\\/wp-content\\\/uploads\\\/2025\\\/08\\\/Amelanchier-canadensis-Ballerina-1.jpg\",\"datePublished\":\"2025-08-24T22:01:11+00:00\",\"dateModified\":\"2025-09-26T22:45:06+00:00\",\"breadcrumb\":{\"@id\":\"https:\\\/\\\/ramures.co\\\/en\\\/produit\\\/canadian-serviceberry\\\/#breadcrumb\"},\"inLanguage\":\"en-US\",\"potentialAction\":[{\"@type\":\"ReadAction\",\"target\":[\"https:\\\/\\\/ramures.co\\\/en\\\/produit\\\/canadian-serviceberry\\\/\"]}]},{\"@type\":\"ImageObject\",\"inLanguage\":\"en-US\",\"@id\":\"https:\\\/\\\/ramures.co\\\/en\\\/produit\\\/canadian-serviceberry\\\/#primaryimage\",\"url\":\"https:\\\/\\\/ramures.co\\\/wp-content\\\/uploads\\\/2025\\\/08\\\/Amelanchier-canadensis-Ballerina-1.jpg\",\"contentUrl\":\"https:\\\/\\\/ramures.co\\\/wp-content\\\/uploads\\\/2025\\\/08\\\/Amelanchier-canadensis-Ballerina-1.jpg\",\"width\":519,\"height\":588},{\"@type\":\"BreadcrumbList\",\"@id\":\"https:\\\/\\\/ramures.co\\\/en\\\/produit\\\/canadian-serviceberry\\\/#breadcrumb\",\"itemListElement\":[{\"@type\":\"ListItem\",\"position\":1,\"name\":\"Accueil\",\"item\":\"https:\\\/\\\/ramures.co\\\/en\\\/\"},{\"@type\":\"ListItem\",\"position\":2,\"name\":\"Shop\",\"item\":\"https:\\\/\\\/ramures.co\\\/en\\\/shop\\\/\"},{\"@type\":\"ListItem\",\"position\":3,\"name\":\"Amelanchier canadensis (Tree)\"}]},{\"@type\":\"WebSite\",\"@id\":\"https:\\\/\\\/ramures.co\\\/#website\",\"url\":\"https:\\\/\\\/ramures.co\\\/\",\"name\":\"Ramures - P\u00e9pini\u00e8re nordique\",\"description\":\"Une p\u00e9pini\u00e8re d&#039;ici aux racines nordiques\",\"publisher\":{\"@id\":\"https:\\\/\\\/ramures.co\\\/#organization\"},\"alternateName\":\"Ramures\",\"potentialAction\":[{\"@type\":\"SearchAction\",\"target\":{\"@type\":\"EntryPoint\",\"urlTemplate\":\"https:\\\/\\\/ramures.co\\\/?s={search_term_string}\"},\"query-input\":{\"@type\":\"PropertyValueSpecification\",\"valueRequired\":true,\"valueName\":\"search_term_string\"}}],\"inLanguage\":\"en-US\"},{\"@type\":\"Organization\",\"@id\":\"https:\\\/\\\/ramures.co\\\/#organization\",\"name\":\"Ramures\",\"url\":\"https:\\\/\\\/ramures.co\\\/\",\"logo\":{\"@type\":\"ImageObject\",\"inLanguage\":\"en-US\",\"@id\":\"https:\\\/\\\/ramures.co\\\/#\\\/schema\\\/logo\\\/image\\\/\",\"url\":\"https:\\\/\\\/ramures.co\\\/wp-content\\\/uploads\\\/2025\\\/04\\\/Logo-Pepiniere-Ramures.co_.svg\",\"contentUrl\":\"https:\\\/\\\/ramures.co\\\/wp-content\\\/uploads\\\/2025\\\/04\\\/Logo-Pepiniere-Ramures.co_.svg\",\"width\":292,\"height\":53,\"caption\":\"Ramures\"},\"image\":{\"@id\":\"https:\\\/\\\/ramures.co\\\/#\\\/schema\\\/logo\\\/image\\\/\"}}]}<\/script>\n<!-- \/ Yoast SEO plugin. -->","yoast_head_json":{"title":"Amelanchier canadensis (Tree) - Ramures","robots":{"index":"index","follow":"follow","max-snippet":"max-snippet:-1","max-image-preview":"max-image-preview:large","max-video-preview":"max-video-preview:-1"},"canonical":"https:\/\/ramures.co\/en\/produit\/canadian-serviceberry\/","og_locale":"en_US","og_type":"article","og_title":"Amelanchier canadensis (Tree) - Ramures","og_description":"The Canadian Serviceberry is a small tree native to North America, valued for its beauty in spring, summer, and autumn. In spring, it is covered with a multitude of delicate white flowers that appear before or at the same time as the leaves. These are followed in summer by small edible round fruits, first red then blue-black at maturity, resembling blueberries and much appreciated by both birds and humans. In autumn, its green foliage turns to stunning shades of orange, red, and purple, creating a colorful display.   Soil type: The Canadian Serviceberry is adaptable to a wide range of soils but prefers well-drained, cool, slightly acidic to neutral soils. It tolerates both clay and sandy soils.","og_url":"https:\/\/ramures.co\/en\/produit\/canadian-serviceberry\/","og_site_name":"Ramures","article_modified_time":"2025-09-26T22:45:06+00:00","og_image":[{"width":519,"height":588,"url":"https:\/\/ramures.co\/wp-content\/uploads\/2025\/08\/Amelanchier-canadensis-Ballerina-1.jpg","type":"image\/jpeg"}],"twitter_card":"summary_large_image","schema":{"@context":"https:\/\/schema.org","@graph":[{"@type":"WebPage","@id":"https:\/\/ramures.co\/en\/produit\/canadian-serviceberry\/","url":"https:\/\/ramures.co\/en\/produit\/canadian-serviceberry\/","name":"Amelanchier canadensis (Tree) - Ramures","isPartOf":{"@id":"https:\/\/ramures.co\/#website"},"primaryImageOfPage":{"@id":"https:\/\/ramures.co\/en\/produit\/canadian-serviceberry\/#primaryimage"},"image":{"@id":"https:\/\/ramures.co\/en\/produit\/canadian-serviceberry\/#primaryimage"},"thumbnailUrl":"https:\/\/ramures.co\/wp-content\/uploads\/2025\/08\/Amelanchier-canadensis-Ballerina-1.jpg","datePublished":"2025-08-24T22:01:11+00:00","dateModified":"2025-09-26T22:45:06+00:00","breadcrumb":{"@id":"https:\/\/ramures.co\/en\/produit\/canadian-serviceberry\/#breadcrumb"},"inLanguage":"en-US","potentialAction":[{"@type":"ReadAction","target":["https:\/\/ramures.co\/en\/produit\/canadian-serviceberry\/"]}]},{"@type":"ImageObject","inLanguage":"en-US","@id":"https:\/\/ramures.co\/en\/produit\/canadian-serviceberry\/#primaryimage","url":"https:\/\/ramures.co\/wp-content\/uploads\/2025\/08\/Amelanchier-canadensis-Ballerina-1.jpg","contentUrl":"https:\/\/ramures.co\/wp-content\/uploads\/2025\/08\/Amelanchier-canadensis-Ballerina-1.jpg","width":519,"height":588},{"@type":"BreadcrumbList","@id":"https:\/\/ramures.co\/en\/produit\/canadian-serviceberry\/#breadcrumb","itemListElement":[{"@type":"ListItem","position":1,"name":"Accueil","item":"https:\/\/ramures.co\/en\/"},{"@type":"ListItem","position":2,"name":"Shop","item":"https:\/\/ramures.co\/en\/shop\/"},{"@type":"ListItem","position":3,"name":"Amelanchier canadensis (Tree)"}]},{"@type":"WebSite","@id":"https:\/\/ramures.co\/#website","url":"https:\/\/ramures.co\/","name":"Ramures - P\u00e9pini\u00e8re nordique","description":"Une p\u00e9pini\u00e8re d&#039;ici aux racines nordiques","publisher":{"@id":"https:\/\/ramures.co\/#organization"},"alternateName":"Ramures","potentialAction":[{"@type":"SearchAction","target":{"@type":"EntryPoint","urlTemplate":"https:\/\/ramures.co\/?s={search_term_string}"},"query-input":{"@type":"PropertyValueSpecification","valueRequired":true,"valueName":"search_term_string"}}],"inLanguage":"en-US"},{"@type":"Organization","@id":"https:\/\/ramures.co\/#organization","name":"Ramures","url":"https:\/\/ramures.co\/","logo":{"@type":"ImageObject","inLanguage":"en-US","@id":"https:\/\/ramures.co\/#\/schema\/logo\/image\/","url":"https:\/\/ramures.co\/wp-content\/uploads\/2025\/04\/Logo-Pepiniere-Ramures.co_.svg","contentUrl":"https:\/\/ramures.co\/wp-content\/uploads\/2025\/04\/Logo-Pepiniere-Ramures.co_.svg","width":292,"height":53,"caption":"Ramures"},"image":{"@id":"https:\/\/ramures.co\/#\/schema\/logo\/image\/"}}]}},"_links":{"self":[{"href":"https:\/\/ramures.co\/en\/wp-json\/wp\/v2\/product\/1903","targetHints":{"allow":["GET"]}}],"collection":[{"href":"https:\/\/ramures.co\/en\/wp-json\/wp\/v2\/product"}],"about":[{"href":"https:\/\/ramures.co\/en\/wp-json\/wp\/v2\/types\/product"}],"wp:featuredmedia":[{"embeddable":true,"href":"https:\/\/ramures.co\/en\/wp-json\/wp\/v2\/media\/1904"}],"wp:attachment":[{"href":"https:\/\/ramures.co\/en\/wp-json\/wp\/v2\/media?parent=1903"}],"wp:term":[{"taxonomy":"product_brand","embeddable":true,"href":"https:\/\/ramures.co\/en\/wp-json\/wp\/v2\/product_brand?post=1903"},{"taxonomy":"product_cat","embeddable":true,"href":"https:\/\/ramures.co\/en\/wp-json\/wp\/v2\/product_cat?post=1903"},{"taxonomy":"product_tag","embeddable":true,"href":"https:\/\/ramures.co\/en\/wp-json\/wp\/v2\/product_tag?post=1903"}],"curies":[{"name":"wp","href":"https:\/\/api.w.org\/{rel}","templated":true}]}}