{"id":1877,"date":"2025-08-24T21:34:08","date_gmt":"2025-08-24T21:34:08","guid":{"rendered":"https:\/\/ramures.co\/produit\/maple-crimson-sunset\/"},"modified":"2025-09-26T22:43:35","modified_gmt":"2025-09-26T22:43:35","slug":"maple-crimson-sunset","status":"publish","type":"product","link":"https:\/\/ramures.co\/en\/produit\/maple-crimson-sunset\/","title":{"rendered":"Acer truncatum X &#8216;Crimson Sunset&#8217;"},"content":{"rendered":"","protected":false},"excerpt":{"rendered":"<p>Crimson Sunset maple (Acer \u2018Crimson Sunset\u2019) is a medium-sized maple appreciated for its spectacular foliage. Its palmate leaves emerge a purplish-red in spring, turn glossy dark green in summer, and then transform into a brilliant scarlet red in autumn\u2014hence its name. Its crown is dense and rounded to ovate, providing excellent shade. It is recognized for its tolerance to difficult conditions, including drought once established and alkaline soils. Its bark is also attractive, becoming slightly fissured with age.    <\/p>\n<p><strong>Soil type: <\/strong>Prefers well-drained soils, from slightly acidic to slightly alkaline. It tolerates a variety of soil types, including clay, loam, or sand, provided they are not excessively wet or compacted. Good fertility contributes to optimal growth.  <\/p>\n","protected":false},"featured_media":1878,"template":"","meta":{"inline_featured_image":false},"product_brand":[],"product_cat":[147],"product_tag":[],"class_list":{"0":"post-1877","1":"product","2":"type-product","3":"status-publish","4":"has-post-thumbnail","6":"product_cat-deciduous","7":"sales-flash-overlay","8":"woocommerce-text-align-center","9":"woocommerce-image-align-center","10":"do-quantity-buttons","12":"first","13":"outofstock","14":"taxable","15":"shipping-taxable","16":"purchasable","17":"product-type-variable"},"yoast_head":"<!-- This site is optimized with the Yoast SEO plugin v27.3 - https:\/\/yoast.com\/product\/yoast-seo-wordpress\/ -->\n<title>Acer truncatum X &#039;Crimson Sunset&#039; - Ramures<\/title>\n<meta name=\"robots\" content=\"index, follow, max-snippet:-1, max-image-preview:large, max-video-preview:-1\" \/>\n<link rel=\"canonical\" href=\"https:\/\/ramures.co\/en\/produit\/maple-crimson-sunset\/\" \/>\n<meta property=\"og:locale\" content=\"en_US\" \/>\n<meta property=\"og:type\" content=\"article\" \/>\n<meta property=\"og:title\" content=\"Acer truncatum X &#039;Crimson Sunset&#039; - Ramures\" \/>\n<meta property=\"og:description\" content=\"Crimson Sunset maple (Acer \u2018Crimson Sunset\u2019) is a medium-sized maple appreciated for its spectacular foliage. Its palmate leaves emerge a purplish-red in spring, turn glossy dark green in summer, and then transform into a brilliant scarlet red in autumn\u2014hence its name. Its crown is dense and rounded to ovate, providing excellent shade. It is recognized for its tolerance to difficult conditions, including drought once established and alkaline soils. Its bark is also attractive, becoming slightly fissured with age.   Soil type: Prefers well-drained soils, from slightly acidic to slightly alkaline. It tolerates a variety of soil types, including clay, loam, or sand, provided they are not excessively wet or compacted. Good fertility contributes to optimal growth.\" \/>\n<meta property=\"og:url\" content=\"https:\/\/ramures.co\/en\/produit\/maple-crimson-sunset\/\" \/>\n<meta property=\"og:site_name\" content=\"Ramures\" \/>\n<meta property=\"article:modified_time\" content=\"2025-09-26T22:43:35+00:00\" \/>\n<meta property=\"og:image\" content=\"https:\/\/ramures.co\/wp-content\/uploads\/2025\/08\/Acer-truncatum-x-plat.-Crimson-Sunset-1.jpg\" \/>\n\t<meta property=\"og:image:width\" content=\"592\" \/>\n\t<meta property=\"og:image:height\" content=\"741\" \/>\n\t<meta property=\"og:image:type\" content=\"image\/jpeg\" \/>\n<meta name=\"twitter:card\" content=\"summary_large_image\" \/>\n<script type=\"application\/ld+json\" class=\"yoast-schema-graph\">{\"@context\":\"https:\\\/\\\/schema.org\",\"@graph\":[{\"@type\":\"WebPage\",\"@id\":\"https:\\\/\\\/ramures.co\\\/en\\\/produit\\\/maple-crimson-sunset\\\/\",\"url\":\"https:\\\/\\\/ramures.co\\\/en\\\/produit\\\/maple-crimson-sunset\\\/\",\"name\":\"Acer truncatum X 'Crimson Sunset' - Ramures\",\"isPartOf\":{\"@id\":\"https:\\\/\\\/ramures.co\\\/#website\"},\"primaryImageOfPage\":{\"@id\":\"https:\\\/\\\/ramures.co\\\/en\\\/produit\\\/maple-crimson-sunset\\\/#primaryimage\"},\"image\":{\"@id\":\"https:\\\/\\\/ramures.co\\\/en\\\/produit\\\/maple-crimson-sunset\\\/#primaryimage\"},\"thumbnailUrl\":\"https:\\\/\\\/ramures.co\\\/wp-content\\\/uploads\\\/2025\\\/08\\\/Acer-truncatum-x-plat.-Crimson-Sunset-1.jpg\",\"datePublished\":\"2025-08-24T21:34:08+00:00\",\"dateModified\":\"2025-09-26T22:43:35+00:00\",\"breadcrumb\":{\"@id\":\"https:\\\/\\\/ramures.co\\\/en\\\/produit\\\/maple-crimson-sunset\\\/#breadcrumb\"},\"inLanguage\":\"en-US\",\"potentialAction\":[{\"@type\":\"ReadAction\",\"target\":[\"https:\\\/\\\/ramures.co\\\/en\\\/produit\\\/maple-crimson-sunset\\\/\"]}]},{\"@type\":\"ImageObject\",\"inLanguage\":\"en-US\",\"@id\":\"https:\\\/\\\/ramures.co\\\/en\\\/produit\\\/maple-crimson-sunset\\\/#primaryimage\",\"url\":\"https:\\\/\\\/ramures.co\\\/wp-content\\\/uploads\\\/2025\\\/08\\\/Acer-truncatum-x-plat.-Crimson-Sunset-1.jpg\",\"contentUrl\":\"https:\\\/\\\/ramures.co\\\/wp-content\\\/uploads\\\/2025\\\/08\\\/Acer-truncatum-x-plat.-Crimson-Sunset-1.jpg\",\"width\":592,\"height\":741},{\"@type\":\"BreadcrumbList\",\"@id\":\"https:\\\/\\\/ramures.co\\\/en\\\/produit\\\/maple-crimson-sunset\\\/#breadcrumb\",\"itemListElement\":[{\"@type\":\"ListItem\",\"position\":1,\"name\":\"Accueil\",\"item\":\"https:\\\/\\\/ramures.co\\\/en\\\/\"},{\"@type\":\"ListItem\",\"position\":2,\"name\":\"Shop\",\"item\":\"https:\\\/\\\/ramures.co\\\/en\\\/shop\\\/\"},{\"@type\":\"ListItem\",\"position\":3,\"name\":\"Acer truncatum X &lsquo;Crimson Sunset&rsquo;\"}]},{\"@type\":\"WebSite\",\"@id\":\"https:\\\/\\\/ramures.co\\\/#website\",\"url\":\"https:\\\/\\\/ramures.co\\\/\",\"name\":\"Ramures - P\u00e9pini\u00e8re nordique\",\"description\":\"Une p\u00e9pini\u00e8re d&#039;ici aux racines nordiques\",\"publisher\":{\"@id\":\"https:\\\/\\\/ramures.co\\\/#organization\"},\"alternateName\":\"Ramures\",\"potentialAction\":[{\"@type\":\"SearchAction\",\"target\":{\"@type\":\"EntryPoint\",\"urlTemplate\":\"https:\\\/\\\/ramures.co\\\/?s={search_term_string}\"},\"query-input\":{\"@type\":\"PropertyValueSpecification\",\"valueRequired\":true,\"valueName\":\"search_term_string\"}}],\"inLanguage\":\"en-US\"},{\"@type\":\"Organization\",\"@id\":\"https:\\\/\\\/ramures.co\\\/#organization\",\"name\":\"Ramures\",\"url\":\"https:\\\/\\\/ramures.co\\\/\",\"logo\":{\"@type\":\"ImageObject\",\"inLanguage\":\"en-US\",\"@id\":\"https:\\\/\\\/ramures.co\\\/#\\\/schema\\\/logo\\\/image\\\/\",\"url\":\"https:\\\/\\\/ramures.co\\\/wp-content\\\/uploads\\\/2025\\\/04\\\/Logo-Pepiniere-Ramures.co_.svg\",\"contentUrl\":\"https:\\\/\\\/ramures.co\\\/wp-content\\\/uploads\\\/2025\\\/04\\\/Logo-Pepiniere-Ramures.co_.svg\",\"width\":292,\"height\":53,\"caption\":\"Ramures\"},\"image\":{\"@id\":\"https:\\\/\\\/ramures.co\\\/#\\\/schema\\\/logo\\\/image\\\/\"}}]}<\/script>\n<!-- \/ Yoast SEO plugin. -->","yoast_head_json":{"title":"Acer truncatum X 'Crimson Sunset' - Ramures","robots":{"index":"index","follow":"follow","max-snippet":"max-snippet:-1","max-image-preview":"max-image-preview:large","max-video-preview":"max-video-preview:-1"},"canonical":"https:\/\/ramures.co\/en\/produit\/maple-crimson-sunset\/","og_locale":"en_US","og_type":"article","og_title":"Acer truncatum X 'Crimson Sunset' - Ramures","og_description":"Crimson Sunset maple (Acer \u2018Crimson Sunset\u2019) is a medium-sized maple appreciated for its spectacular foliage. Its palmate leaves emerge a purplish-red in spring, turn glossy dark green in summer, and then transform into a brilliant scarlet red in autumn\u2014hence its name. Its crown is dense and rounded to ovate, providing excellent shade. It is recognized for its tolerance to difficult conditions, including drought once established and alkaline soils. Its bark is also attractive, becoming slightly fissured with age.   Soil type: Prefers well-drained soils, from slightly acidic to slightly alkaline. It tolerates a variety of soil types, including clay, loam, or sand, provided they are not excessively wet or compacted. Good fertility contributes to optimal growth.","og_url":"https:\/\/ramures.co\/en\/produit\/maple-crimson-sunset\/","og_site_name":"Ramures","article_modified_time":"2025-09-26T22:43:35+00:00","og_image":[{"width":592,"height":741,"url":"https:\/\/ramures.co\/wp-content\/uploads\/2025\/08\/Acer-truncatum-x-plat.-Crimson-Sunset-1.jpg","type":"image\/jpeg"}],"twitter_card":"summary_large_image","schema":{"@context":"https:\/\/schema.org","@graph":[{"@type":"WebPage","@id":"https:\/\/ramures.co\/en\/produit\/maple-crimson-sunset\/","url":"https:\/\/ramures.co\/en\/produit\/maple-crimson-sunset\/","name":"Acer truncatum X 'Crimson Sunset' - Ramures","isPartOf":{"@id":"https:\/\/ramures.co\/#website"},"primaryImageOfPage":{"@id":"https:\/\/ramures.co\/en\/produit\/maple-crimson-sunset\/#primaryimage"},"image":{"@id":"https:\/\/ramures.co\/en\/produit\/maple-crimson-sunset\/#primaryimage"},"thumbnailUrl":"https:\/\/ramures.co\/wp-content\/uploads\/2025\/08\/Acer-truncatum-x-plat.-Crimson-Sunset-1.jpg","datePublished":"2025-08-24T21:34:08+00:00","dateModified":"2025-09-26T22:43:35+00:00","breadcrumb":{"@id":"https:\/\/ramures.co\/en\/produit\/maple-crimson-sunset\/#breadcrumb"},"inLanguage":"en-US","potentialAction":[{"@type":"ReadAction","target":["https:\/\/ramures.co\/en\/produit\/maple-crimson-sunset\/"]}]},{"@type":"ImageObject","inLanguage":"en-US","@id":"https:\/\/ramures.co\/en\/produit\/maple-crimson-sunset\/#primaryimage","url":"https:\/\/ramures.co\/wp-content\/uploads\/2025\/08\/Acer-truncatum-x-plat.-Crimson-Sunset-1.jpg","contentUrl":"https:\/\/ramures.co\/wp-content\/uploads\/2025\/08\/Acer-truncatum-x-plat.-Crimson-Sunset-1.jpg","width":592,"height":741},{"@type":"BreadcrumbList","@id":"https:\/\/ramures.co\/en\/produit\/maple-crimson-sunset\/#breadcrumb","itemListElement":[{"@type":"ListItem","position":1,"name":"Accueil","item":"https:\/\/ramures.co\/en\/"},{"@type":"ListItem","position":2,"name":"Shop","item":"https:\/\/ramures.co\/en\/shop\/"},{"@type":"ListItem","position":3,"name":"Acer truncatum X &lsquo;Crimson Sunset&rsquo;"}]},{"@type":"WebSite","@id":"https:\/\/ramures.co\/#website","url":"https:\/\/ramures.co\/","name":"Ramures - P\u00e9pini\u00e8re nordique","description":"Une p\u00e9pini\u00e8re d&#039;ici aux racines nordiques","publisher":{"@id":"https:\/\/ramures.co\/#organization"},"alternateName":"Ramures","potentialAction":[{"@type":"SearchAction","target":{"@type":"EntryPoint","urlTemplate":"https:\/\/ramures.co\/?s={search_term_string}"},"query-input":{"@type":"PropertyValueSpecification","valueRequired":true,"valueName":"search_term_string"}}],"inLanguage":"en-US"},{"@type":"Organization","@id":"https:\/\/ramures.co\/#organization","name":"Ramures","url":"https:\/\/ramures.co\/","logo":{"@type":"ImageObject","inLanguage":"en-US","@id":"https:\/\/ramures.co\/#\/schema\/logo\/image\/","url":"https:\/\/ramures.co\/wp-content\/uploads\/2025\/04\/Logo-Pepiniere-Ramures.co_.svg","contentUrl":"https:\/\/ramures.co\/wp-content\/uploads\/2025\/04\/Logo-Pepiniere-Ramures.co_.svg","width":292,"height":53,"caption":"Ramures"},"image":{"@id":"https:\/\/ramures.co\/#\/schema\/logo\/image\/"}}]}},"_links":{"self":[{"href":"https:\/\/ramures.co\/en\/wp-json\/wp\/v2\/product\/1877","targetHints":{"allow":["GET"]}}],"collection":[{"href":"https:\/\/ramures.co\/en\/wp-json\/wp\/v2\/product"}],"about":[{"href":"https:\/\/ramures.co\/en\/wp-json\/wp\/v2\/types\/product"}],"wp:featuredmedia":[{"embeddable":true,"href":"https:\/\/ramures.co\/en\/wp-json\/wp\/v2\/media\/1878"}],"wp:attachment":[{"href":"https:\/\/ramures.co\/en\/wp-json\/wp\/v2\/media?parent=1877"}],"wp:term":[{"taxonomy":"product_brand","embeddable":true,"href":"https:\/\/ramures.co\/en\/wp-json\/wp\/v2\/product_brand?post=1877"},{"taxonomy":"product_cat","embeddable":true,"href":"https:\/\/ramures.co\/en\/wp-json\/wp\/v2\/product_cat?post=1877"},{"taxonomy":"product_tag","embeddable":true,"href":"https:\/\/ramures.co\/en\/wp-json\/wp\/v2\/product_tag?post=1877"}],"curies":[{"name":"wp","href":"https:\/\/api.w.org\/{rel}","templated":true}]}}