{"id":1823,"date":"2025-08-24T20:48:15","date_gmt":"2025-08-24T20:48:15","guid":{"rendered":"https:\/\/ramures.co\/produit\/red-maple-morgan\/"},"modified":"2025-09-26T22:39:34","modified_gmt":"2025-09-26T22:39:34","slug":"red-maple-morgan","status":"publish","type":"product","link":"https:\/\/ramures.co\/en\/produit\/red-maple-morgan\/","title":{"rendered":"Acer rubrum &#8216;Morgan&#8217;"},"content":{"rendered":"","protected":false},"excerpt":{"rendered":"<p>The &#8216;Morgan&#8217; Red Maple is a cultivar of red maple valued for its attractive shape and spectacular autumn coloration. It develops an oval to pyramidal habit, becoming wider with age. Its leaves, typical of red maples, are three-lobed or five-lobed. Although it is a red maple cultivar, &#8216;Morgan&#8217; is particularly selected for its hardiness and good adaptation to urban conditions. In autumn, its foliage takes on vibrant hues ranging from orange-red to brilliant scarlet, offering a striking visual spectacle.    <\/p>\n<p><strong>Soil type:<\/strong> Prefers rich, moist, well-drained soils but is adaptable to a wide range of soil types, including clay and sandy soils. It tolerates slightly acidic to neutral soils. Its good tolerance of wet conditions is an added advantage.  <\/p>\n<p><strong>Growth rate: <\/strong>Moderate to fast. It can experience significant annual growth, especially under optimal conditions. <\/p>\n","protected":false},"featured_media":1825,"template":"","meta":{"inline_featured_image":false},"product_brand":[],"product_cat":[147],"product_tag":[],"class_list":{"0":"post-1823","1":"product","2":"type-product","3":"status-publish","4":"has-post-thumbnail","6":"product_cat-deciduous","7":"sales-flash-overlay","8":"woocommerce-text-align-center","9":"woocommerce-image-align-center","10":"do-quantity-buttons","12":"first","13":"outofstock","14":"taxable","15":"shipping-taxable","16":"purchasable","17":"product-type-variable"},"yoast_head":"<!-- This site is optimized with the Yoast SEO plugin v27.3 - https:\/\/yoast.com\/product\/yoast-seo-wordpress\/ -->\n<title>Acer rubrum &#039;Morgan&#039; - Ramures<\/title>\n<meta name=\"robots\" content=\"index, follow, max-snippet:-1, max-image-preview:large, max-video-preview:-1\" \/>\n<link rel=\"canonical\" href=\"https:\/\/ramures.co\/en\/produit\/red-maple-morgan\/\" \/>\n<meta property=\"og:locale\" content=\"en_US\" \/>\n<meta property=\"og:type\" content=\"article\" \/>\n<meta property=\"og:title\" content=\"Acer rubrum &#039;Morgan&#039; - Ramures\" \/>\n<meta property=\"og:description\" content=\"The &#039;Morgan&#039; Red Maple is a cultivar of red maple valued for its attractive shape and spectacular autumn coloration. It develops an oval to pyramidal habit, becoming wider with age. Its leaves, typical of red maples, are three-lobed or five-lobed. Although it is a red maple cultivar, &#039;Morgan&#039; is particularly selected for its hardiness and good adaptation to urban conditions. In autumn, its foliage takes on vibrant hues ranging from orange-red to brilliant scarlet, offering a striking visual spectacle.   Soil type: Prefers rich, moist, well-drained soils but is adaptable to a wide range of soil types, including clay and sandy soils. It tolerates slightly acidic to neutral soils. Its good tolerance of wet conditions is an added advantage.  Growth rate: Moderate to fast. It can experience significant annual growth, especially under optimal conditions.\" \/>\n<meta property=\"og:url\" content=\"https:\/\/ramures.co\/en\/produit\/red-maple-morgan\/\" \/>\n<meta property=\"og:site_name\" content=\"Ramures\" \/>\n<meta property=\"article:modified_time\" content=\"2025-09-26T22:39:34+00:00\" \/>\n<meta property=\"og:image\" content=\"https:\/\/ramures.co\/wp-content\/uploads\/2025\/08\/Acer-rubrum-Morgan.jpg\" \/>\n\t<meta property=\"og:image:width\" content=\"1228\" \/>\n\t<meta property=\"og:image:height\" content=\"1228\" \/>\n\t<meta property=\"og:image:type\" content=\"image\/jpeg\" \/>\n<meta name=\"twitter:card\" content=\"summary_large_image\" \/>\n<script type=\"application\/ld+json\" class=\"yoast-schema-graph\">{\"@context\":\"https:\\\/\\\/schema.org\",\"@graph\":[{\"@type\":\"WebPage\",\"@id\":\"https:\\\/\\\/ramures.co\\\/en\\\/produit\\\/red-maple-morgan\\\/\",\"url\":\"https:\\\/\\\/ramures.co\\\/en\\\/produit\\\/red-maple-morgan\\\/\",\"name\":\"Acer rubrum 'Morgan' - Ramures\",\"isPartOf\":{\"@id\":\"https:\\\/\\\/ramures.co\\\/#website\"},\"primaryImageOfPage\":{\"@id\":\"https:\\\/\\\/ramures.co\\\/en\\\/produit\\\/red-maple-morgan\\\/#primaryimage\"},\"image\":{\"@id\":\"https:\\\/\\\/ramures.co\\\/en\\\/produit\\\/red-maple-morgan\\\/#primaryimage\"},\"thumbnailUrl\":\"https:\\\/\\\/ramures.co\\\/wp-content\\\/uploads\\\/2025\\\/08\\\/Acer-rubrum-Morgan.jpg\",\"datePublished\":\"2025-08-24T20:48:15+00:00\",\"dateModified\":\"2025-09-26T22:39:34+00:00\",\"breadcrumb\":{\"@id\":\"https:\\\/\\\/ramures.co\\\/en\\\/produit\\\/red-maple-morgan\\\/#breadcrumb\"},\"inLanguage\":\"en-US\",\"potentialAction\":[{\"@type\":\"ReadAction\",\"target\":[\"https:\\\/\\\/ramures.co\\\/en\\\/produit\\\/red-maple-morgan\\\/\"]}]},{\"@type\":\"ImageObject\",\"inLanguage\":\"en-US\",\"@id\":\"https:\\\/\\\/ramures.co\\\/en\\\/produit\\\/red-maple-morgan\\\/#primaryimage\",\"url\":\"https:\\\/\\\/ramures.co\\\/wp-content\\\/uploads\\\/2025\\\/08\\\/Acer-rubrum-Morgan.jpg\",\"contentUrl\":\"https:\\\/\\\/ramures.co\\\/wp-content\\\/uploads\\\/2025\\\/08\\\/Acer-rubrum-Morgan.jpg\",\"width\":1228,\"height\":1228},{\"@type\":\"BreadcrumbList\",\"@id\":\"https:\\\/\\\/ramures.co\\\/en\\\/produit\\\/red-maple-morgan\\\/#breadcrumb\",\"itemListElement\":[{\"@type\":\"ListItem\",\"position\":1,\"name\":\"Accueil\",\"item\":\"https:\\\/\\\/ramures.co\\\/en\\\/\"},{\"@type\":\"ListItem\",\"position\":2,\"name\":\"Shop\",\"item\":\"https:\\\/\\\/ramures.co\\\/en\\\/shop\\\/\"},{\"@type\":\"ListItem\",\"position\":3,\"name\":\"Acer rubrum &lsquo;Morgan&rsquo;\"}]},{\"@type\":\"WebSite\",\"@id\":\"https:\\\/\\\/ramures.co\\\/#website\",\"url\":\"https:\\\/\\\/ramures.co\\\/\",\"name\":\"Ramures - P\u00e9pini\u00e8re nordique\",\"description\":\"Une p\u00e9pini\u00e8re d&#039;ici aux racines nordiques\",\"publisher\":{\"@id\":\"https:\\\/\\\/ramures.co\\\/#organization\"},\"alternateName\":\"Ramures\",\"potentialAction\":[{\"@type\":\"SearchAction\",\"target\":{\"@type\":\"EntryPoint\",\"urlTemplate\":\"https:\\\/\\\/ramures.co\\\/?s={search_term_string}\"},\"query-input\":{\"@type\":\"PropertyValueSpecification\",\"valueRequired\":true,\"valueName\":\"search_term_string\"}}],\"inLanguage\":\"en-US\"},{\"@type\":\"Organization\",\"@id\":\"https:\\\/\\\/ramures.co\\\/#organization\",\"name\":\"Ramures\",\"url\":\"https:\\\/\\\/ramures.co\\\/\",\"logo\":{\"@type\":\"ImageObject\",\"inLanguage\":\"en-US\",\"@id\":\"https:\\\/\\\/ramures.co\\\/#\\\/schema\\\/logo\\\/image\\\/\",\"url\":\"https:\\\/\\\/ramures.co\\\/wp-content\\\/uploads\\\/2025\\\/04\\\/Logo-Pepiniere-Ramures.co_.svg\",\"contentUrl\":\"https:\\\/\\\/ramures.co\\\/wp-content\\\/uploads\\\/2025\\\/04\\\/Logo-Pepiniere-Ramures.co_.svg\",\"width\":292,\"height\":53,\"caption\":\"Ramures\"},\"image\":{\"@id\":\"https:\\\/\\\/ramures.co\\\/#\\\/schema\\\/logo\\\/image\\\/\"}}]}<\/script>\n<!-- \/ Yoast SEO plugin. -->","yoast_head_json":{"title":"Acer rubrum 'Morgan' - Ramures","robots":{"index":"index","follow":"follow","max-snippet":"max-snippet:-1","max-image-preview":"max-image-preview:large","max-video-preview":"max-video-preview:-1"},"canonical":"https:\/\/ramures.co\/en\/produit\/red-maple-morgan\/","og_locale":"en_US","og_type":"article","og_title":"Acer rubrum 'Morgan' - Ramures","og_description":"The 'Morgan' Red Maple is a cultivar of red maple valued for its attractive shape and spectacular autumn coloration. It develops an oval to pyramidal habit, becoming wider with age. Its leaves, typical of red maples, are three-lobed or five-lobed. Although it is a red maple cultivar, 'Morgan' is particularly selected for its hardiness and good adaptation to urban conditions. In autumn, its foliage takes on vibrant hues ranging from orange-red to brilliant scarlet, offering a striking visual spectacle.   Soil type: Prefers rich, moist, well-drained soils but is adaptable to a wide range of soil types, including clay and sandy soils. It tolerates slightly acidic to neutral soils. Its good tolerance of wet conditions is an added advantage.  Growth rate: Moderate to fast. It can experience significant annual growth, especially under optimal conditions.","og_url":"https:\/\/ramures.co\/en\/produit\/red-maple-morgan\/","og_site_name":"Ramures","article_modified_time":"2025-09-26T22:39:34+00:00","og_image":[{"width":1228,"height":1228,"url":"https:\/\/ramures.co\/wp-content\/uploads\/2025\/08\/Acer-rubrum-Morgan.jpg","type":"image\/jpeg"}],"twitter_card":"summary_large_image","schema":{"@context":"https:\/\/schema.org","@graph":[{"@type":"WebPage","@id":"https:\/\/ramures.co\/en\/produit\/red-maple-morgan\/","url":"https:\/\/ramures.co\/en\/produit\/red-maple-morgan\/","name":"Acer rubrum 'Morgan' - Ramures","isPartOf":{"@id":"https:\/\/ramures.co\/#website"},"primaryImageOfPage":{"@id":"https:\/\/ramures.co\/en\/produit\/red-maple-morgan\/#primaryimage"},"image":{"@id":"https:\/\/ramures.co\/en\/produit\/red-maple-morgan\/#primaryimage"},"thumbnailUrl":"https:\/\/ramures.co\/wp-content\/uploads\/2025\/08\/Acer-rubrum-Morgan.jpg","datePublished":"2025-08-24T20:48:15+00:00","dateModified":"2025-09-26T22:39:34+00:00","breadcrumb":{"@id":"https:\/\/ramures.co\/en\/produit\/red-maple-morgan\/#breadcrumb"},"inLanguage":"en-US","potentialAction":[{"@type":"ReadAction","target":["https:\/\/ramures.co\/en\/produit\/red-maple-morgan\/"]}]},{"@type":"ImageObject","inLanguage":"en-US","@id":"https:\/\/ramures.co\/en\/produit\/red-maple-morgan\/#primaryimage","url":"https:\/\/ramures.co\/wp-content\/uploads\/2025\/08\/Acer-rubrum-Morgan.jpg","contentUrl":"https:\/\/ramures.co\/wp-content\/uploads\/2025\/08\/Acer-rubrum-Morgan.jpg","width":1228,"height":1228},{"@type":"BreadcrumbList","@id":"https:\/\/ramures.co\/en\/produit\/red-maple-morgan\/#breadcrumb","itemListElement":[{"@type":"ListItem","position":1,"name":"Accueil","item":"https:\/\/ramures.co\/en\/"},{"@type":"ListItem","position":2,"name":"Shop","item":"https:\/\/ramures.co\/en\/shop\/"},{"@type":"ListItem","position":3,"name":"Acer rubrum &lsquo;Morgan&rsquo;"}]},{"@type":"WebSite","@id":"https:\/\/ramures.co\/#website","url":"https:\/\/ramures.co\/","name":"Ramures - P\u00e9pini\u00e8re nordique","description":"Une p\u00e9pini\u00e8re d&#039;ici aux racines nordiques","publisher":{"@id":"https:\/\/ramures.co\/#organization"},"alternateName":"Ramures","potentialAction":[{"@type":"SearchAction","target":{"@type":"EntryPoint","urlTemplate":"https:\/\/ramures.co\/?s={search_term_string}"},"query-input":{"@type":"PropertyValueSpecification","valueRequired":true,"valueName":"search_term_string"}}],"inLanguage":"en-US"},{"@type":"Organization","@id":"https:\/\/ramures.co\/#organization","name":"Ramures","url":"https:\/\/ramures.co\/","logo":{"@type":"ImageObject","inLanguage":"en-US","@id":"https:\/\/ramures.co\/#\/schema\/logo\/image\/","url":"https:\/\/ramures.co\/wp-content\/uploads\/2025\/04\/Logo-Pepiniere-Ramures.co_.svg","contentUrl":"https:\/\/ramures.co\/wp-content\/uploads\/2025\/04\/Logo-Pepiniere-Ramures.co_.svg","width":292,"height":53,"caption":"Ramures"},"image":{"@id":"https:\/\/ramures.co\/#\/schema\/logo\/image\/"}}]}},"_links":{"self":[{"href":"https:\/\/ramures.co\/en\/wp-json\/wp\/v2\/product\/1823","targetHints":{"allow":["GET"]}}],"collection":[{"href":"https:\/\/ramures.co\/en\/wp-json\/wp\/v2\/product"}],"about":[{"href":"https:\/\/ramures.co\/en\/wp-json\/wp\/v2\/types\/product"}],"wp:featuredmedia":[{"embeddable":true,"href":"https:\/\/ramures.co\/en\/wp-json\/wp\/v2\/media\/1825"}],"wp:attachment":[{"href":"https:\/\/ramures.co\/en\/wp-json\/wp\/v2\/media?parent=1823"}],"wp:term":[{"taxonomy":"product_brand","embeddable":true,"href":"https:\/\/ramures.co\/en\/wp-json\/wp\/v2\/product_brand?post=1823"},{"taxonomy":"product_cat","embeddable":true,"href":"https:\/\/ramures.co\/en\/wp-json\/wp\/v2\/product_cat?post=1823"},{"taxonomy":"product_tag","embeddable":true,"href":"https:\/\/ramures.co\/en\/wp-json\/wp\/v2\/product_tag?post=1823"}],"curies":[{"name":"wp","href":"https:\/\/api.w.org\/{rel}","templated":true}]}}