{"id":1811,"date":"2025-08-24T20:41:10","date_gmt":"2025-08-24T20:41:10","guid":{"rendered":"https:\/\/ramures.co\/produit\/red-maple-armstrong\/"},"modified":"2025-09-26T22:39:01","modified_gmt":"2025-09-26T22:39:01","slug":"red-maple-armstrong","status":"publish","type":"product","link":"https:\/\/ramures.co\/en\/produit\/red-maple-armstrong\/","title":{"rendered":"Acer rubrum &#8216;Armstrong&#8217;"},"content":{"rendered":"","protected":false},"excerpt":{"rendered":"<p>Red maple \u2018Armstrong\u2019 (Acer rubrum \u2018Armstrong\u2019) is a variety of red maple notable for its narrow columnar or fastigiate form, making it an excellent choice for small urban spaces or avenues where a tree with a limited footprint is desired. Its bright green summer foliage turns into beautiful shades of yellow-orange and scarlet red in autumn, creating a colorful display. It is valued for its hardiness and adaptability to diverse conditions.  <\/p>\n<p><strong>Soil type:<\/strong> Prefers rich, moist, well-drained soils that are slightly acidic to neutral. Tolerates a range of soils, including clay, but good drainage is essential. <\/p>\n","protected":false},"featured_media":1813,"template":"","meta":{"inline_featured_image":false},"product_brand":[],"product_cat":[147],"product_tag":[],"class_list":{"0":"post-1811","1":"product","2":"type-product","3":"status-publish","4":"has-post-thumbnail","6":"product_cat-deciduous","7":"sales-flash-overlay","8":"woocommerce-text-align-center","9":"woocommerce-image-align-center","10":"do-quantity-buttons","12":"first","13":"outofstock","14":"taxable","15":"shipping-taxable","16":"purchasable","17":"product-type-variable"},"yoast_head":"<!-- This site is optimized with the Yoast SEO plugin v27.3 - https:\/\/yoast.com\/product\/yoast-seo-wordpress\/ -->\n<title>Acer rubrum &#039;Armstrong&#039; - Ramures<\/title>\n<meta name=\"robots\" content=\"index, follow, max-snippet:-1, max-image-preview:large, max-video-preview:-1\" \/>\n<link rel=\"canonical\" href=\"https:\/\/ramures.co\/en\/produit\/red-maple-armstrong\/\" \/>\n<meta property=\"og:locale\" content=\"en_US\" \/>\n<meta property=\"og:type\" content=\"article\" \/>\n<meta property=\"og:title\" content=\"Acer rubrum &#039;Armstrong&#039; - Ramures\" \/>\n<meta property=\"og:description\" content=\"Red maple \u2018Armstrong\u2019 (Acer rubrum \u2018Armstrong\u2019) is a variety of red maple notable for its narrow columnar or fastigiate form, making it an excellent choice for small urban spaces or avenues where a tree with a limited footprint is desired. Its bright green summer foliage turns into beautiful shades of yellow-orange and scarlet red in autumn, creating a colorful display. It is valued for its hardiness and adaptability to diverse conditions.  Soil type: Prefers rich, moist, well-drained soils that are slightly acidic to neutral. Tolerates a range of soils, including clay, but good drainage is essential.\" \/>\n<meta property=\"og:url\" content=\"https:\/\/ramures.co\/en\/produit\/red-maple-armstrong\/\" \/>\n<meta property=\"og:site_name\" content=\"Ramures\" \/>\n<meta property=\"article:modified_time\" content=\"2025-09-26T22:39:01+00:00\" \/>\n<meta property=\"og:image\" content=\"https:\/\/ramures.co\/wp-content\/uploads\/2025\/08\/Acer-Rubrum-Armstrong.jpg\" \/>\n\t<meta property=\"og:image:width\" content=\"668\" \/>\n\t<meta property=\"og:image:height\" content=\"885\" \/>\n\t<meta property=\"og:image:type\" content=\"image\/jpeg\" \/>\n<meta name=\"twitter:card\" content=\"summary_large_image\" \/>\n<script type=\"application\/ld+json\" class=\"yoast-schema-graph\">{\"@context\":\"https:\\\/\\\/schema.org\",\"@graph\":[{\"@type\":\"WebPage\",\"@id\":\"https:\\\/\\\/ramures.co\\\/en\\\/produit\\\/red-maple-armstrong\\\/\",\"url\":\"https:\\\/\\\/ramures.co\\\/en\\\/produit\\\/red-maple-armstrong\\\/\",\"name\":\"Acer rubrum 'Armstrong' - Ramures\",\"isPartOf\":{\"@id\":\"https:\\\/\\\/ramures.co\\\/#website\"},\"primaryImageOfPage\":{\"@id\":\"https:\\\/\\\/ramures.co\\\/en\\\/produit\\\/red-maple-armstrong\\\/#primaryimage\"},\"image\":{\"@id\":\"https:\\\/\\\/ramures.co\\\/en\\\/produit\\\/red-maple-armstrong\\\/#primaryimage\"},\"thumbnailUrl\":\"https:\\\/\\\/ramures.co\\\/wp-content\\\/uploads\\\/2025\\\/08\\\/Acer-Rubrum-Armstrong.jpg\",\"datePublished\":\"2025-08-24T20:41:10+00:00\",\"dateModified\":\"2025-09-26T22:39:01+00:00\",\"breadcrumb\":{\"@id\":\"https:\\\/\\\/ramures.co\\\/en\\\/produit\\\/red-maple-armstrong\\\/#breadcrumb\"},\"inLanguage\":\"en-US\",\"potentialAction\":[{\"@type\":\"ReadAction\",\"target\":[\"https:\\\/\\\/ramures.co\\\/en\\\/produit\\\/red-maple-armstrong\\\/\"]}]},{\"@type\":\"ImageObject\",\"inLanguage\":\"en-US\",\"@id\":\"https:\\\/\\\/ramures.co\\\/en\\\/produit\\\/red-maple-armstrong\\\/#primaryimage\",\"url\":\"https:\\\/\\\/ramures.co\\\/wp-content\\\/uploads\\\/2025\\\/08\\\/Acer-Rubrum-Armstrong.jpg\",\"contentUrl\":\"https:\\\/\\\/ramures.co\\\/wp-content\\\/uploads\\\/2025\\\/08\\\/Acer-Rubrum-Armstrong.jpg\",\"width\":668,\"height\":885},{\"@type\":\"BreadcrumbList\",\"@id\":\"https:\\\/\\\/ramures.co\\\/en\\\/produit\\\/red-maple-armstrong\\\/#breadcrumb\",\"itemListElement\":[{\"@type\":\"ListItem\",\"position\":1,\"name\":\"Accueil\",\"item\":\"https:\\\/\\\/ramures.co\\\/en\\\/\"},{\"@type\":\"ListItem\",\"position\":2,\"name\":\"Shop\",\"item\":\"https:\\\/\\\/ramures.co\\\/en\\\/shop\\\/\"},{\"@type\":\"ListItem\",\"position\":3,\"name\":\"Acer rubrum &lsquo;Armstrong&rsquo;\"}]},{\"@type\":\"WebSite\",\"@id\":\"https:\\\/\\\/ramures.co\\\/#website\",\"url\":\"https:\\\/\\\/ramures.co\\\/\",\"name\":\"Ramures - P\u00e9pini\u00e8re nordique\",\"description\":\"Une p\u00e9pini\u00e8re d&#039;ici aux racines nordiques\",\"publisher\":{\"@id\":\"https:\\\/\\\/ramures.co\\\/#organization\"},\"alternateName\":\"Ramures\",\"potentialAction\":[{\"@type\":\"SearchAction\",\"target\":{\"@type\":\"EntryPoint\",\"urlTemplate\":\"https:\\\/\\\/ramures.co\\\/?s={search_term_string}\"},\"query-input\":{\"@type\":\"PropertyValueSpecification\",\"valueRequired\":true,\"valueName\":\"search_term_string\"}}],\"inLanguage\":\"en-US\"},{\"@type\":\"Organization\",\"@id\":\"https:\\\/\\\/ramures.co\\\/#organization\",\"name\":\"Ramures\",\"url\":\"https:\\\/\\\/ramures.co\\\/\",\"logo\":{\"@type\":\"ImageObject\",\"inLanguage\":\"en-US\",\"@id\":\"https:\\\/\\\/ramures.co\\\/#\\\/schema\\\/logo\\\/image\\\/\",\"url\":\"https:\\\/\\\/ramures.co\\\/wp-content\\\/uploads\\\/2025\\\/04\\\/Logo-Pepiniere-Ramures.co_.svg\",\"contentUrl\":\"https:\\\/\\\/ramures.co\\\/wp-content\\\/uploads\\\/2025\\\/04\\\/Logo-Pepiniere-Ramures.co_.svg\",\"width\":292,\"height\":53,\"caption\":\"Ramures\"},\"image\":{\"@id\":\"https:\\\/\\\/ramures.co\\\/#\\\/schema\\\/logo\\\/image\\\/\"}}]}<\/script>\n<!-- \/ Yoast SEO plugin. -->","yoast_head_json":{"title":"Acer rubrum 'Armstrong' - Ramures","robots":{"index":"index","follow":"follow","max-snippet":"max-snippet:-1","max-image-preview":"max-image-preview:large","max-video-preview":"max-video-preview:-1"},"canonical":"https:\/\/ramures.co\/en\/produit\/red-maple-armstrong\/","og_locale":"en_US","og_type":"article","og_title":"Acer rubrum 'Armstrong' - Ramures","og_description":"Red maple \u2018Armstrong\u2019 (Acer rubrum \u2018Armstrong\u2019) is a variety of red maple notable for its narrow columnar or fastigiate form, making it an excellent choice for small urban spaces or avenues where a tree with a limited footprint is desired. Its bright green summer foliage turns into beautiful shades of yellow-orange and scarlet red in autumn, creating a colorful display. It is valued for its hardiness and adaptability to diverse conditions.  Soil type: Prefers rich, moist, well-drained soils that are slightly acidic to neutral. Tolerates a range of soils, including clay, but good drainage is essential.","og_url":"https:\/\/ramures.co\/en\/produit\/red-maple-armstrong\/","og_site_name":"Ramures","article_modified_time":"2025-09-26T22:39:01+00:00","og_image":[{"width":668,"height":885,"url":"https:\/\/ramures.co\/wp-content\/uploads\/2025\/08\/Acer-Rubrum-Armstrong.jpg","type":"image\/jpeg"}],"twitter_card":"summary_large_image","schema":{"@context":"https:\/\/schema.org","@graph":[{"@type":"WebPage","@id":"https:\/\/ramures.co\/en\/produit\/red-maple-armstrong\/","url":"https:\/\/ramures.co\/en\/produit\/red-maple-armstrong\/","name":"Acer rubrum 'Armstrong' - Ramures","isPartOf":{"@id":"https:\/\/ramures.co\/#website"},"primaryImageOfPage":{"@id":"https:\/\/ramures.co\/en\/produit\/red-maple-armstrong\/#primaryimage"},"image":{"@id":"https:\/\/ramures.co\/en\/produit\/red-maple-armstrong\/#primaryimage"},"thumbnailUrl":"https:\/\/ramures.co\/wp-content\/uploads\/2025\/08\/Acer-Rubrum-Armstrong.jpg","datePublished":"2025-08-24T20:41:10+00:00","dateModified":"2025-09-26T22:39:01+00:00","breadcrumb":{"@id":"https:\/\/ramures.co\/en\/produit\/red-maple-armstrong\/#breadcrumb"},"inLanguage":"en-US","potentialAction":[{"@type":"ReadAction","target":["https:\/\/ramures.co\/en\/produit\/red-maple-armstrong\/"]}]},{"@type":"ImageObject","inLanguage":"en-US","@id":"https:\/\/ramures.co\/en\/produit\/red-maple-armstrong\/#primaryimage","url":"https:\/\/ramures.co\/wp-content\/uploads\/2025\/08\/Acer-Rubrum-Armstrong.jpg","contentUrl":"https:\/\/ramures.co\/wp-content\/uploads\/2025\/08\/Acer-Rubrum-Armstrong.jpg","width":668,"height":885},{"@type":"BreadcrumbList","@id":"https:\/\/ramures.co\/en\/produit\/red-maple-armstrong\/#breadcrumb","itemListElement":[{"@type":"ListItem","position":1,"name":"Accueil","item":"https:\/\/ramures.co\/en\/"},{"@type":"ListItem","position":2,"name":"Shop","item":"https:\/\/ramures.co\/en\/shop\/"},{"@type":"ListItem","position":3,"name":"Acer rubrum &lsquo;Armstrong&rsquo;"}]},{"@type":"WebSite","@id":"https:\/\/ramures.co\/#website","url":"https:\/\/ramures.co\/","name":"Ramures - P\u00e9pini\u00e8re nordique","description":"Une p\u00e9pini\u00e8re d&#039;ici aux racines nordiques","publisher":{"@id":"https:\/\/ramures.co\/#organization"},"alternateName":"Ramures","potentialAction":[{"@type":"SearchAction","target":{"@type":"EntryPoint","urlTemplate":"https:\/\/ramures.co\/?s={search_term_string}"},"query-input":{"@type":"PropertyValueSpecification","valueRequired":true,"valueName":"search_term_string"}}],"inLanguage":"en-US"},{"@type":"Organization","@id":"https:\/\/ramures.co\/#organization","name":"Ramures","url":"https:\/\/ramures.co\/","logo":{"@type":"ImageObject","inLanguage":"en-US","@id":"https:\/\/ramures.co\/#\/schema\/logo\/image\/","url":"https:\/\/ramures.co\/wp-content\/uploads\/2025\/04\/Logo-Pepiniere-Ramures.co_.svg","contentUrl":"https:\/\/ramures.co\/wp-content\/uploads\/2025\/04\/Logo-Pepiniere-Ramures.co_.svg","width":292,"height":53,"caption":"Ramures"},"image":{"@id":"https:\/\/ramures.co\/#\/schema\/logo\/image\/"}}]}},"_links":{"self":[{"href":"https:\/\/ramures.co\/en\/wp-json\/wp\/v2\/product\/1811","targetHints":{"allow":["GET"]}}],"collection":[{"href":"https:\/\/ramures.co\/en\/wp-json\/wp\/v2\/product"}],"about":[{"href":"https:\/\/ramures.co\/en\/wp-json\/wp\/v2\/types\/product"}],"wp:featuredmedia":[{"embeddable":true,"href":"https:\/\/ramures.co\/en\/wp-json\/wp\/v2\/media\/1813"}],"wp:attachment":[{"href":"https:\/\/ramures.co\/en\/wp-json\/wp\/v2\/media?parent=1811"}],"wp:term":[{"taxonomy":"product_brand","embeddable":true,"href":"https:\/\/ramures.co\/en\/wp-json\/wp\/v2\/product_brand?post=1811"},{"taxonomy":"product_cat","embeddable":true,"href":"https:\/\/ramures.co\/en\/wp-json\/wp\/v2\/product_cat?post=1811"},{"taxonomy":"product_tag","embeddable":true,"href":"https:\/\/ramures.co\/en\/wp-json\/wp\/v2\/product_tag?post=1811"}],"curies":[{"name":"wp","href":"https:\/\/api.w.org\/{rel}","templated":true}]}}