{"id":1795,"date":"2025-08-24T20:18:36","date_gmt":"2025-08-24T20:18:36","guid":{"rendered":"https:\/\/ramures.co\/produit\/norway-maple-columnare\/"},"modified":"2025-09-26T22:37:51","modified_gmt":"2025-09-26T22:37:51","slug":"norway-maple-columnare","status":"publish","type":"product","link":"https:\/\/ramures.co\/en\/produit\/norway-maple-columnare\/","title":{"rendered":"Acer Platanoides &#8216;Columnare&#8217;"},"content":{"rendered":"","protected":false},"excerpt":{"rendered":"<p>Norway maple &#8216;Columnare&#8217; is a variety characterized by its narrow and dense columnar shape, making it an excellent choice for confined spaces or for creating a vertical alignment. Its dark green foliage provides dense shade in summer and turns beautiful yellow hues in autumn. It is valued for its hardiness and its ability to adapt to various urban conditions. Full sun exposure promotes better autumn coloration.<\/p>\n<p><strong>Soil Type: <\/strong>The fastigiate Norway maple tolerates a wide range of soils, but prefers well-drained, rich, and slightly alkaline to neutral soil. It can adapt to clay and loamy soils.<\/p>\n","protected":false},"featured_media":1796,"template":"","meta":{"inline_featured_image":false},"product_brand":[],"product_cat":[147],"product_tag":[],"class_list":{"0":"post-1795","1":"product","2":"type-product","3":"status-publish","4":"has-post-thumbnail","6":"product_cat-deciduous","7":"sales-flash-overlay","8":"woocommerce-text-align-center","9":"woocommerce-image-align-center","10":"do-quantity-buttons","12":"first","13":"instock","14":"taxable","15":"shipping-taxable","16":"purchasable","17":"product-type-variable"},"yoast_head":"<!-- This site is optimized with the Yoast SEO plugin v27.3 - https:\/\/yoast.com\/product\/yoast-seo-wordpress\/ -->\n<title>Acer Platanoides &#039;Columnare&#039; - Ramures<\/title>\n<meta name=\"robots\" content=\"index, follow, max-snippet:-1, max-image-preview:large, max-video-preview:-1\" \/>\n<link rel=\"canonical\" href=\"https:\/\/ramures.co\/en\/produit\/norway-maple-columnare\/\" \/>\n<meta property=\"og:locale\" content=\"en_US\" \/>\n<meta property=\"og:type\" content=\"article\" \/>\n<meta property=\"og:title\" content=\"Acer Platanoides &#039;Columnare&#039; - Ramures\" \/>\n<meta property=\"og:description\" content=\"Norway maple &#039;Columnare&#039; is a variety characterized by its narrow and dense columnar shape, making it an excellent choice for confined spaces or for creating a vertical alignment. Its dark green foliage provides dense shade in summer and turns beautiful yellow hues in autumn. It is valued for its hardiness and its ability to adapt to various urban conditions. Full sun exposure promotes better autumn coloration. Soil Type: The fastigiate Norway maple tolerates a wide range of soils, but prefers well-drained, rich, and slightly alkaline to neutral soil. It can adapt to clay and loamy soils.\" \/>\n<meta property=\"og:url\" content=\"https:\/\/ramures.co\/en\/produit\/norway-maple-columnare\/\" \/>\n<meta property=\"og:site_name\" content=\"Ramures\" \/>\n<meta property=\"article:modified_time\" content=\"2025-09-26T22:37:51+00:00\" \/>\n<meta property=\"og:image\" content=\"https:\/\/ramures.co\/wp-content\/uploads\/2025\/08\/Acer-platanoides-Columnare.jpg\" \/>\n\t<meta property=\"og:image:width\" content=\"932\" \/>\n\t<meta property=\"og:image:height\" content=\"1248\" \/>\n\t<meta property=\"og:image:type\" content=\"image\/jpeg\" \/>\n<meta name=\"twitter:card\" content=\"summary_large_image\" \/>\n<script type=\"application\/ld+json\" class=\"yoast-schema-graph\">{\"@context\":\"https:\\\/\\\/schema.org\",\"@graph\":[{\"@type\":\"WebPage\",\"@id\":\"https:\\\/\\\/ramures.co\\\/en\\\/produit\\\/norway-maple-columnare\\\/\",\"url\":\"https:\\\/\\\/ramures.co\\\/en\\\/produit\\\/norway-maple-columnare\\\/\",\"name\":\"Acer Platanoides 'Columnare' - Ramures\",\"isPartOf\":{\"@id\":\"https:\\\/\\\/ramures.co\\\/#website\"},\"primaryImageOfPage\":{\"@id\":\"https:\\\/\\\/ramures.co\\\/en\\\/produit\\\/norway-maple-columnare\\\/#primaryimage\"},\"image\":{\"@id\":\"https:\\\/\\\/ramures.co\\\/en\\\/produit\\\/norway-maple-columnare\\\/#primaryimage\"},\"thumbnailUrl\":\"https:\\\/\\\/ramures.co\\\/wp-content\\\/uploads\\\/2025\\\/08\\\/Acer-platanoides-Columnare.jpg\",\"datePublished\":\"2025-08-24T20:18:36+00:00\",\"dateModified\":\"2025-09-26T22:37:51+00:00\",\"breadcrumb\":{\"@id\":\"https:\\\/\\\/ramures.co\\\/en\\\/produit\\\/norway-maple-columnare\\\/#breadcrumb\"},\"inLanguage\":\"en-US\",\"potentialAction\":[{\"@type\":\"ReadAction\",\"target\":[\"https:\\\/\\\/ramures.co\\\/en\\\/produit\\\/norway-maple-columnare\\\/\"]}]},{\"@type\":\"ImageObject\",\"inLanguage\":\"en-US\",\"@id\":\"https:\\\/\\\/ramures.co\\\/en\\\/produit\\\/norway-maple-columnare\\\/#primaryimage\",\"url\":\"https:\\\/\\\/ramures.co\\\/wp-content\\\/uploads\\\/2025\\\/08\\\/Acer-platanoides-Columnare.jpg\",\"contentUrl\":\"https:\\\/\\\/ramures.co\\\/wp-content\\\/uploads\\\/2025\\\/08\\\/Acer-platanoides-Columnare.jpg\",\"width\":932,\"height\":1248},{\"@type\":\"BreadcrumbList\",\"@id\":\"https:\\\/\\\/ramures.co\\\/en\\\/produit\\\/norway-maple-columnare\\\/#breadcrumb\",\"itemListElement\":[{\"@type\":\"ListItem\",\"position\":1,\"name\":\"Accueil\",\"item\":\"https:\\\/\\\/ramures.co\\\/en\\\/\"},{\"@type\":\"ListItem\",\"position\":2,\"name\":\"Shop\",\"item\":\"https:\\\/\\\/ramures.co\\\/en\\\/shop\\\/\"},{\"@type\":\"ListItem\",\"position\":3,\"name\":\"Acer Platanoides &lsquo;Columnare&rsquo;\"}]},{\"@type\":\"WebSite\",\"@id\":\"https:\\\/\\\/ramures.co\\\/#website\",\"url\":\"https:\\\/\\\/ramures.co\\\/\",\"name\":\"Ramures - P\u00e9pini\u00e8re nordique\",\"description\":\"Une p\u00e9pini\u00e8re d&#039;ici aux racines nordiques\",\"publisher\":{\"@id\":\"https:\\\/\\\/ramures.co\\\/#organization\"},\"alternateName\":\"Ramures\",\"potentialAction\":[{\"@type\":\"SearchAction\",\"target\":{\"@type\":\"EntryPoint\",\"urlTemplate\":\"https:\\\/\\\/ramures.co\\\/?s={search_term_string}\"},\"query-input\":{\"@type\":\"PropertyValueSpecification\",\"valueRequired\":true,\"valueName\":\"search_term_string\"}}],\"inLanguage\":\"en-US\"},{\"@type\":\"Organization\",\"@id\":\"https:\\\/\\\/ramures.co\\\/#organization\",\"name\":\"Ramures\",\"url\":\"https:\\\/\\\/ramures.co\\\/\",\"logo\":{\"@type\":\"ImageObject\",\"inLanguage\":\"en-US\",\"@id\":\"https:\\\/\\\/ramures.co\\\/#\\\/schema\\\/logo\\\/image\\\/\",\"url\":\"https:\\\/\\\/ramures.co\\\/wp-content\\\/uploads\\\/2025\\\/04\\\/Logo-Pepiniere-Ramures.co_.svg\",\"contentUrl\":\"https:\\\/\\\/ramures.co\\\/wp-content\\\/uploads\\\/2025\\\/04\\\/Logo-Pepiniere-Ramures.co_.svg\",\"width\":292,\"height\":53,\"caption\":\"Ramures\"},\"image\":{\"@id\":\"https:\\\/\\\/ramures.co\\\/#\\\/schema\\\/logo\\\/image\\\/\"}}]}<\/script>\n<!-- \/ Yoast SEO plugin. -->","yoast_head_json":{"title":"Acer Platanoides 'Columnare' - Ramures","robots":{"index":"index","follow":"follow","max-snippet":"max-snippet:-1","max-image-preview":"max-image-preview:large","max-video-preview":"max-video-preview:-1"},"canonical":"https:\/\/ramures.co\/en\/produit\/norway-maple-columnare\/","og_locale":"en_US","og_type":"article","og_title":"Acer Platanoides 'Columnare' - Ramures","og_description":"Norway maple 'Columnare' is a variety characterized by its narrow and dense columnar shape, making it an excellent choice for confined spaces or for creating a vertical alignment. Its dark green foliage provides dense shade in summer and turns beautiful yellow hues in autumn. It is valued for its hardiness and its ability to adapt to various urban conditions. Full sun exposure promotes better autumn coloration. Soil Type: The fastigiate Norway maple tolerates a wide range of soils, but prefers well-drained, rich, and slightly alkaline to neutral soil. It can adapt to clay and loamy soils.","og_url":"https:\/\/ramures.co\/en\/produit\/norway-maple-columnare\/","og_site_name":"Ramures","article_modified_time":"2025-09-26T22:37:51+00:00","og_image":[{"width":932,"height":1248,"url":"https:\/\/ramures.co\/wp-content\/uploads\/2025\/08\/Acer-platanoides-Columnare.jpg","type":"image\/jpeg"}],"twitter_card":"summary_large_image","schema":{"@context":"https:\/\/schema.org","@graph":[{"@type":"WebPage","@id":"https:\/\/ramures.co\/en\/produit\/norway-maple-columnare\/","url":"https:\/\/ramures.co\/en\/produit\/norway-maple-columnare\/","name":"Acer Platanoides 'Columnare' - Ramures","isPartOf":{"@id":"https:\/\/ramures.co\/#website"},"primaryImageOfPage":{"@id":"https:\/\/ramures.co\/en\/produit\/norway-maple-columnare\/#primaryimage"},"image":{"@id":"https:\/\/ramures.co\/en\/produit\/norway-maple-columnare\/#primaryimage"},"thumbnailUrl":"https:\/\/ramures.co\/wp-content\/uploads\/2025\/08\/Acer-platanoides-Columnare.jpg","datePublished":"2025-08-24T20:18:36+00:00","dateModified":"2025-09-26T22:37:51+00:00","breadcrumb":{"@id":"https:\/\/ramures.co\/en\/produit\/norway-maple-columnare\/#breadcrumb"},"inLanguage":"en-US","potentialAction":[{"@type":"ReadAction","target":["https:\/\/ramures.co\/en\/produit\/norway-maple-columnare\/"]}]},{"@type":"ImageObject","inLanguage":"en-US","@id":"https:\/\/ramures.co\/en\/produit\/norway-maple-columnare\/#primaryimage","url":"https:\/\/ramures.co\/wp-content\/uploads\/2025\/08\/Acer-platanoides-Columnare.jpg","contentUrl":"https:\/\/ramures.co\/wp-content\/uploads\/2025\/08\/Acer-platanoides-Columnare.jpg","width":932,"height":1248},{"@type":"BreadcrumbList","@id":"https:\/\/ramures.co\/en\/produit\/norway-maple-columnare\/#breadcrumb","itemListElement":[{"@type":"ListItem","position":1,"name":"Accueil","item":"https:\/\/ramures.co\/en\/"},{"@type":"ListItem","position":2,"name":"Shop","item":"https:\/\/ramures.co\/en\/shop\/"},{"@type":"ListItem","position":3,"name":"Acer Platanoides &lsquo;Columnare&rsquo;"}]},{"@type":"WebSite","@id":"https:\/\/ramures.co\/#website","url":"https:\/\/ramures.co\/","name":"Ramures - P\u00e9pini\u00e8re nordique","description":"Une p\u00e9pini\u00e8re d&#039;ici aux racines nordiques","publisher":{"@id":"https:\/\/ramures.co\/#organization"},"alternateName":"Ramures","potentialAction":[{"@type":"SearchAction","target":{"@type":"EntryPoint","urlTemplate":"https:\/\/ramures.co\/?s={search_term_string}"},"query-input":{"@type":"PropertyValueSpecification","valueRequired":true,"valueName":"search_term_string"}}],"inLanguage":"en-US"},{"@type":"Organization","@id":"https:\/\/ramures.co\/#organization","name":"Ramures","url":"https:\/\/ramures.co\/","logo":{"@type":"ImageObject","inLanguage":"en-US","@id":"https:\/\/ramures.co\/#\/schema\/logo\/image\/","url":"https:\/\/ramures.co\/wp-content\/uploads\/2025\/04\/Logo-Pepiniere-Ramures.co_.svg","contentUrl":"https:\/\/ramures.co\/wp-content\/uploads\/2025\/04\/Logo-Pepiniere-Ramures.co_.svg","width":292,"height":53,"caption":"Ramures"},"image":{"@id":"https:\/\/ramures.co\/#\/schema\/logo\/image\/"}}]}},"_links":{"self":[{"href":"https:\/\/ramures.co\/en\/wp-json\/wp\/v2\/product\/1795","targetHints":{"allow":["GET"]}}],"collection":[{"href":"https:\/\/ramures.co\/en\/wp-json\/wp\/v2\/product"}],"about":[{"href":"https:\/\/ramures.co\/en\/wp-json\/wp\/v2\/types\/product"}],"wp:featuredmedia":[{"embeddable":true,"href":"https:\/\/ramures.co\/en\/wp-json\/wp\/v2\/media\/1796"}],"wp:attachment":[{"href":"https:\/\/ramures.co\/en\/wp-json\/wp\/v2\/media?parent=1795"}],"wp:term":[{"taxonomy":"product_brand","embeddable":true,"href":"https:\/\/ramures.co\/en\/wp-json\/wp\/v2\/product_brand?post=1795"},{"taxonomy":"product_cat","embeddable":true,"href":"https:\/\/ramures.co\/en\/wp-json\/wp\/v2\/product_cat?post=1795"},{"taxonomy":"product_tag","embeddable":true,"href":"https:\/\/ramures.co\/en\/wp-json\/wp\/v2\/product_tag?post=1795"}],"curies":[{"name":"wp","href":"https:\/\/api.w.org\/{rel}","templated":true}]}}